{"id":87180,"date":"2025-08-07T12:57:20","date_gmt":"2025-08-07T12:57:20","guid":{"rendered":"https:\/\/www.camping-biper-gorri.com\/camping-pas-cher-espelette\/"},"modified":"2025-10-30T15:15:11","modified_gmt":"2025-10-30T15:15:11","slug":"camping-barato-espelette","status":"publish","type":"page","link":"https:\/\/www.camping-biper-gorri.com\/es\/camping-barato-espelette\/","title":{"rendered":"Ofertas y promociones"},"content":{"rendered":"\n<section class=\"wp-block-group gt_sliderphoto_001 bis page has-global-padding is-layout-constrained wp-container-core-group-is-layout-bf503d4a wp-block-group-is-layout-constrained\">\n<div class=\"wp-block-columns has-custom-vert-transparent-background-color has-background is-layout-flex wp-container-core-columns-is-layout-6c1e7216 wp-block-columns-is-layout-flex\" style=\"padding-top:4rem;padding-right:0px;padding-bottom:4rem;padding-left:60px\">\n<div class=\"wp-block-column is-vertically-aligned-center first is-layout-flow wp-block-column-is-layout-flow\" style=\"padding-right:2rem;flex-basis:45.3%\">\n<h1 class=\"wp-block-heading\" style=\"line-height:1.3\"><strong>Camping barato<\/strong> <br\/>en el Pa\u00eds Vasco<\/h1>\n\n\n\n<p>\u00bfBuscas un camping barato en el Pa\u00eds Vasco para tus pr\u00f3ximas vacaciones? <a href=\"https:\/\/www.camping-biper-gorri.com\/es\/\">El camping Biper Gorri de Espelette<\/a> tiene unas <strong>ofertas y promociones excepcionales<\/strong> para que disfrutes de la belleza del Pa\u00eds Vasco a bajo precio. <\/p>\n\n\n\n<p>Tanto si vienes en familia, con amigos o en pareja, nuestras tarifas reducidas te garantizan <strong>unas vacaciones de calidad<\/strong> sin arruinarte. Aprovecha un mejor precio para una estancia confortable en <strong>plena naturaleza<\/strong>, con una variedad de opciones que se adaptan a tus necesidades. <\/p>\n<\/div>\n\n\n\n<div class=\"wp-block-column second animated fadeIn delay-100ms is-layout-flow wp-block-column-is-layout-flow\" style=\"flex-basis:54%\">\n<div data-swiper=\"{&quot;speed&quot;:400,&quot;spaceBetween&quot;:16,&quot;slidesPerView&quot;:1,&quot;createElements&quot;:true,&quot;loop&quot;:true,&quot;navigation&quot;:{&quot;nextEl&quot;:null,&quot;prevEl&quot;:null},&quot;pagination&quot;:{&quot;el&quot;:&quot;.swiper-pagination&quot;,&quot;dynamicBullets&quot;:false,&quot;clickable&quot;:true},&quot;breakpoints&quot;:[{&quot;slidesPerView&quot;:1}],&quot;direction&quot;:&quot;vertical&quot;,&quot;freeMode&quot;:false,&quot;autoplay&quot;:true,&quot;delay&quot;:2000}\" id=\"slider-first\" class=\"wp-block-group animated fadeIn gt-is-slider gt-is-slider-desktop is-layout-grid wp-container-core-group-is-layout-478b6e6b wp-block-group-is-layout-grid\">\n<figure class=\"wp-block-image size-full\"><img decoding=\"async\" width=\"797\" height=\"532\" src=\"https:\/\/www.camping-biper-gorri.com\/wp-content\/uploads\/2025\/10\/offres-et-promotions-exceptionnelles.jpg\" alt=\"ofertas y promociones excepcionales\" class=\"wp-image-38820\" style=\"object-fit:cover\" srcset=\"https:\/\/www.camping-biper-gorri.com\/wp-content\/uploads\/2025\/10\/offres-et-promotions-exceptionnelles.jpg 797w, https:\/\/www.camping-biper-gorri.com\/wp-content\/uploads\/2025\/10\/offres-et-promotions-exceptionnelles-300x200.jpg 300w, https:\/\/www.camping-biper-gorri.com\/wp-content\/uploads\/2025\/10\/offres-et-promotions-exceptionnelles-768x513.jpg 768w\" sizes=\"(max-width: 797px) 100vw, 797px\" \/><\/figure>\n\n\n\n<figure class=\"wp-block-image size-full\"><img decoding=\"async\" width=\"797\" height=\"532\" src=\"https:\/\/www.camping-biper-gorri.com\/wp-content\/uploads\/2025\/10\/biper-gorri-vacances-de-qualite.jpg\" alt=\"gorri pager vacaciones de calidad\" class=\"wp-image-60787\" style=\"object-fit:cover\" srcset=\"https:\/\/www.camping-biper-gorri.com\/wp-content\/uploads\/2025\/10\/biper-gorri-vacances-de-qualite.jpg 797w, https:\/\/www.camping-biper-gorri.com\/wp-content\/uploads\/2025\/10\/biper-gorri-vacances-de-qualite-300x200.jpg 300w, https:\/\/www.camping-biper-gorri.com\/wp-content\/uploads\/2025\/10\/biper-gorri-vacances-de-qualite-768x513.jpg 768w\" sizes=\"(max-width: 797px) 100vw, 797px\" \/><\/figure>\n\n\n\n<figure class=\"wp-block-image size-full\"><img decoding=\"async\" width=\"797\" height=\"532\" src=\"https:\/\/www.camping-biper-gorri.com\/wp-content\/uploads\/2025\/10\/biper-gorri-sejour-confortable-au-coeur-de-la-nature.jpg\" alt=\"biper gorri estancia confortable en plena naturaleza\" class=\"wp-image-60792\" style=\"object-fit:cover\" srcset=\"https:\/\/www.camping-biper-gorri.com\/wp-content\/uploads\/2025\/10\/biper-gorri-sejour-confortable-au-coeur-de-la-nature.jpg 797w, https:\/\/www.camping-biper-gorri.com\/wp-content\/uploads\/2025\/10\/biper-gorri-sejour-confortable-au-coeur-de-la-nature-300x200.jpg 300w, https:\/\/www.camping-biper-gorri.com\/wp-content\/uploads\/2025\/10\/biper-gorri-sejour-confortable-au-coeur-de-la-nature-768x513.jpg 768w\" sizes=\"(max-width: 797px) 100vw, 797px\" \/><\/figure>\n<\/div>\n<\/div>\n<\/div>\n<\/section>\n\n<section class=\"wp-block-group alignfull gt_1-cta-1photo_003 slider is-layout-flow wp-block-group-is-layout-flow\" style=\"margin-top:var(--wp--preset--spacing--50);margin-bottom:0px;padding-bottom:153px\">\n<div data-swiper=\"{&quot;speed&quot;:400,&quot;spaceBetween&quot;:16,&quot;slidesPerView&quot;:1,&quot;createElements&quot;:true,&quot;loop&quot;:true,&quot;freemode&quot;:true,&quot;navigation&quot;:{&quot;nextEl&quot;:&quot;buttonNext&quot;,&quot;prevEl&quot;:&quot;buttonPrev&quot;},&quot;pagination&quot;:{&quot;el&quot;:&quot;.swiper-pagination&quot;,&quot;dynamicBullets&quot;:true},&quot;breakpoints&quot;:[{&quot;slidesPerView&quot;:1}],&quot;autoplay&quot;:true,&quot;delay&quot;:2000}\" class=\"wp-block-group gt-is-slider gt-is-slider-desktop has-global-padding is-layout-constrained wp-container-core-group-is-layout-c3c54179 wp-block-group-is-layout-constrained\" style=\"padding-bottom:101px\">\n<div class=\"wp-block-cover aligncenter animated fadeIn\" style=\"min-height:70vh;aspect-ratio:unset;\"><img decoding=\"async\" width=\"2000\" height=\"998\" class=\"wp-block-cover__image-background wp-image-89992 size-full\" alt=\"chalet pays basque\" src=\"https:\/\/www.camping-biper-gorri.com\/wp-content\/uploads\/2025\/10\/chalet-pays-basque.jpg\" data-object-fit=\"cover\" srcset=\"https:\/\/www.camping-biper-gorri.com\/wp-content\/uploads\/2025\/10\/chalet-pays-basque.jpg 2000w, https:\/\/www.camping-biper-gorri.com\/wp-content\/uploads\/2025\/10\/chalet-pays-basque-300x150.jpg 300w, https:\/\/www.camping-biper-gorri.com\/wp-content\/uploads\/2025\/10\/chalet-pays-basque-1024x511.jpg 1024w, https:\/\/www.camping-biper-gorri.com\/wp-content\/uploads\/2025\/10\/chalet-pays-basque-768x383.jpg 768w, https:\/\/www.camping-biper-gorri.com\/wp-content\/uploads\/2025\/10\/chalet-pays-basque-1536x766.jpg 1536w\" sizes=\"(max-width: 2000px) 100vw, 2000px\" \/><span aria-hidden=\"true\" class=\"wp-block-cover__background has-background-dim-0 has-background-dim\"><\/span><div class=\"wp-block-cover__inner-container is-layout-flow wp-block-cover-is-layout-flow\">\n<p class=\"has-text-align-center has-large-font-size\"><\/p>\n<\/div><\/div>\n\n\n\n<div class=\"wp-block-cover aligncenter animated fadeIn\" style=\"min-height:70vh;aspect-ratio:unset;\"><img decoding=\"async\" width=\"2000\" height=\"1124\" class=\"wp-block-cover__image-background wp-image-38836 size-full\" alt=\"camping petit prix a espelette\" src=\"https:\/\/www.camping-biper-gorri.com\/wp-content\/uploads\/2025\/10\/camping-petit-prix-a-espelette.jpg\" data-object-fit=\"cover\" srcset=\"https:\/\/www.camping-biper-gorri.com\/wp-content\/uploads\/2025\/10\/camping-petit-prix-a-espelette.jpg 2000w, https:\/\/www.camping-biper-gorri.com\/wp-content\/uploads\/2025\/10\/camping-petit-prix-a-espelette-300x169.jpg 300w, https:\/\/www.camping-biper-gorri.com\/wp-content\/uploads\/2025\/10\/camping-petit-prix-a-espelette-1024x575.jpg 1024w, https:\/\/www.camping-biper-gorri.com\/wp-content\/uploads\/2025\/10\/camping-petit-prix-a-espelette-768x432.jpg 768w, https:\/\/www.camping-biper-gorri.com\/wp-content\/uploads\/2025\/10\/camping-petit-prix-a-espelette-1536x863.jpg 1536w\" sizes=\"(max-width: 2000px) 100vw, 2000px\" \/><span aria-hidden=\"true\" class=\"wp-block-cover__background has-background-dim-0 has-background-dim\"><\/span><div class=\"wp-block-cover__inner-container is-layout-flow wp-block-cover-is-layout-flow\">\n<p class=\"has-text-align-center has-large-font-size\"><\/p>\n<\/div><\/div>\n<\/div>\n\n\n\n<div class=\"wp-block-group alignfull full-width is-layout-flow wp-container-core-group-is-layout-bb7df561 wp-block-group-is-layout-flow\" style=\"border-radius:0px;margin-top:0px;margin-right:0px;margin-bottom:0px;margin-left:0px;padding-top:0px;padding-right:var(--wp--preset--spacing--50);padding-bottom:0px;padding-left:var(--wp--preset--spacing--50)\">\n<div class=\"wp-block-group has-global-padding is-content-justification-center is-layout-constrained wp-container-core-group-is-layout-da6cee50 wp-block-group-is-layout-constrained\" style=\"margin-top:0px;margin-right:0px;margin-bottom:0px;margin-left:0px\">\n<h2 class=\"wp-block-heading has-text-align-center full-width has-text-color\" style=\"color:rgba(255,255,255,1)\"><strong>Ofertas y promociones en un camping econ\u00f3mico en Espelette<\/strong><\/h2>\n\n\n\n<p class=\"has-text-align-center full-width has-text-color has-link-color has-mulish-font-family wp-elements-6d5952c547a980114dbdac4c651ca909\" style=\"color:rgba(255,255,255,1);margin-top:0px;margin-right:0px;margin-bottom:0px;margin-left:0px;font-style:normal;font-weight:300;line-height:1.7\"><br\/>En el camping de Espelette, proponemos regularmente <strong>ofertas promocionales<\/strong> en nuestros alquileres de alojamientos para que disfrutes de unas vacaciones excepcionales a un precio reducido. Tanto si quieres alojarte en una <a href=\"https:\/\/www.camping-biper-gorri.com\/es\/alquiler-mobil-home-espelette\/\">casa m\u00f3vil de alquiler en el Pa\u00eds Vasco<\/a>, un <a href=\"https:\/\/www.camping-biper-gorri.com\/es\/alquilar-inusuales-espelette\/\">alojamiento ins\u00f3lito en Espelette<\/a>, o disfrutar de una <a href=\"https:\/\/www.camping-biper-gorri.com\/es\/parcelas-de-camping-pais-vasco\/\">parcela de alquiler en plena campi\u00f1a vasca<\/a>, tenemos la oferta adecuada para ti. <\/p>\n\n\n\n<p class=\"has-text-align-center full-width has-text-color has-link-color has-mulish-font-family wp-elements-af123f675878ddeb09d4ae15f9972a15\" style=\"color:rgba(255,255,255,1);margin-top:0px;margin-right:0px;margin-bottom:0px;margin-left:0px;font-style:normal;font-weight:300;line-height:1.7\">Nuestras <strong>promociones de \u00faltima hora<\/strong> te dan la oportunidad de Reservar unas vacaciones con la mejor relaci\u00f3n calidad-precio, para que puedas descubrir el Pa\u00eds Vasco sin salirte de tu presupuesto.<\/p>\n<\/div>\n<\/div>\n<\/section>\n\n<section class=\"wp-block-group gt_sliderphoto_001 bis page has-global-padding is-layout-constrained wp-container-core-group-is-layout-175ea1ee wp-block-group-is-layout-constrained\" style=\"padding-top:var(--wp--preset--spacing--30);padding-bottom:0\">\n<div class=\"wp-block-columns is-layout-flex wp-container-core-columns-is-layout-8fc3ca39 wp-block-columns-is-layout-flex\" style=\"padding-top:4rem;padding-right:0px;padding-bottom:4rem;padding-left:0px\">\n<div class=\"wp-block-column second animated fadeIn delay-100ms is-layout-flow wp-block-column-is-layout-flow\" style=\"flex-basis:54%\">\n<div data-swiper=\"{&quot;speed&quot;:400,&quot;spaceBetween&quot;:16,&quot;slidesPerView&quot;:1,&quot;createElements&quot;:true,&quot;loop&quot;:true,&quot;navigation&quot;:{&quot;nextEl&quot;:null,&quot;prevEl&quot;:null},&quot;pagination&quot;:{&quot;el&quot;:&quot;.swiper-pagination&quot;,&quot;dynamicBullets&quot;:false,&quot;clickable&quot;:true},&quot;breakpoints&quot;:[{&quot;slidesPerView&quot;:1}],&quot;direction&quot;:&quot;vertical&quot;,&quot;freeMode&quot;:false,&quot;autoplay&quot;:true,&quot;delay&quot;:2000}\" id=\"slider-first\" class=\"wp-block-group animated fadeIn gt-is-slider gt-is-slider-desktop is-layout-grid wp-container-core-group-is-layout-478b6e6b wp-block-group-is-layout-grid\">\n<figure class=\"wp-block-image size-full\"><img decoding=\"async\" width=\"1000\" height=\"667\" src=\"https:\/\/www.camping-biper-gorri.com\/wp-content\/uploads\/2025\/10\/location-mobil-home-espelette.jpg\" alt=\"alquiler de Mobil home espelette\" class=\"wp-image-89978\" style=\"object-fit:cover\" srcset=\"https:\/\/www.camping-biper-gorri.com\/wp-content\/uploads\/2025\/10\/location-mobil-home-espelette.jpg 1000w, https:\/\/www.camping-biper-gorri.com\/wp-content\/uploads\/2025\/10\/location-mobil-home-espelette-300x200.jpg 300w, https:\/\/www.camping-biper-gorri.com\/wp-content\/uploads\/2025\/10\/location-mobil-home-espelette-768x512.jpg 768w\" sizes=\"(max-width: 1000px) 100vw, 1000px\" \/><\/figure>\n\n\n\n<figure class=\"wp-block-image size-full\"><img decoding=\"async\" width=\"1000\" height=\"667\" src=\"https:\/\/www.camping-biper-gorri.com\/wp-content\/uploads\/2025\/10\/louer-mobil-home-espelette.jpg\" alt=\"alquiler Mobil home espelette\" class=\"wp-image-89979\" style=\"object-fit:cover\" srcset=\"https:\/\/www.camping-biper-gorri.com\/wp-content\/uploads\/2025\/10\/louer-mobil-home-espelette.jpg 1000w, https:\/\/www.camping-biper-gorri.com\/wp-content\/uploads\/2025\/10\/louer-mobil-home-espelette-300x200.jpg 300w, https:\/\/www.camping-biper-gorri.com\/wp-content\/uploads\/2025\/10\/louer-mobil-home-espelette-768x512.jpg 768w\" sizes=\"(max-width: 1000px) 100vw, 1000px\" \/><\/figure>\n\n\n\n<figure class=\"wp-block-image size-full\"><img decoding=\"async\" width=\"814\" height=\"543\" src=\"https:\/\/www.camping-biper-gorri.com\/wp-content\/uploads\/2025\/10\/cadre-naturel-et-reposant.jpg\" alt=\"entorno natural y relajante\" class=\"wp-image-38851\" style=\"object-fit:cover\" srcset=\"https:\/\/www.camping-biper-gorri.com\/wp-content\/uploads\/2025\/10\/cadre-naturel-et-reposant.jpg 814w, https:\/\/www.camping-biper-gorri.com\/wp-content\/uploads\/2025\/10\/cadre-naturel-et-reposant-300x200.jpg 300w, https:\/\/www.camping-biper-gorri.com\/wp-content\/uploads\/2025\/10\/cadre-naturel-et-reposant-768x512.jpg 768w\" sizes=\"(max-width: 814px) 100vw, 814px\" \/><\/figure>\n<\/div>\n<\/div>\n\n\n\n<div class=\"wp-block-column is-vertically-aligned-center first is-layout-flow wp-block-column-is-layout-flow\" style=\"padding-right:2rem;flex-basis:45.3%\">\n<h2 class=\"wp-block-heading has-text-align-left has-text-color\" style=\"color:rgba(99,117,107,1);line-height:1.3\">Reserva online y consigue la <strong>mejor relaci\u00f3n calidad-precio en el Pa\u00eds Vasco<\/strong><\/h2>\n\n\n\n<p class=\"has-text-align-left has-text-color has-mulish-font-family\" style=\"color:rgba(99,117,107,1);margin-top:0px;margin-right:0px;margin-bottom:0px;margin-left:0px;font-style:normal;font-weight:300;line-height:1.7\"><br\/>Para beneficiarte de los <strong>mejores precios<\/strong> y <strong>ofertas exclusivas<\/strong>, \u00a1Reserva directamente en nuestro sitio web!<\/p>\n\n\n\n<p class=\"has-text-align-left has-text-color has-mulish-font-family\" style=\"color:rgba(99,117,107,1);margin-top:0px;margin-right:0px;margin-bottom:0px;margin-left:0px;font-style:normal;font-weight:300;line-height:1.7\">Esto te permite disfrutar de un camping asequible en Espelette, al tiempo que te beneficias de la <strong>tranquilidad<\/strong> y el <strong>confort<\/strong> de una <strong>estancia de calidad<\/strong>.<\/p>\n\n\n\n<p class=\"has-text-align-left has-text-color has-mulish-font-family\" style=\"color:rgba(99,117,107,1);margin-top:0px;margin-right:0px;margin-bottom:0px;margin-left:0px;font-style:normal;font-weight:300;line-height:1.7\"><br\/>El camping asequible de Espelette ofrece <strong>paquetes atractivos<\/strong> que se adaptan a todos los presupuestos. Con nuestras tarifas competitivas, te beneficiar\u00e1s de servicios de calidad en un <strong>entorno natural y relajante<\/strong>. <\/p>\n\n\n\n<p class=\"has-text-align-left has-text-color has-mulish-font-family\" style=\"color:rgba(99,117,107,1);margin-top:0px;margin-right:0px;margin-bottom:0px;margin-left:0px;font-style:normal;font-weight:300;line-height:1.7\">Nuestro equipo se compromete a ofrecerte una estancia agradable que sea a la vez pr\u00e1ctica y econ\u00f3mica, para que puedas disfrutar al m\u00e1ximo de tus vacaciones sin preocuparte por los costes.<\/p>\n<\/div>\n<\/div>\n<\/section>\n\n<section class=\"wp-block-group alignfull gt_maillage has-global-padding is-layout-constrained wp-container-core-group-is-layout-99b66418 wp-block-group-is-layout-constrained\" style=\"margin-top:0px;margin-bottom:0px;padding-top:var(--wp--preset--spacing--50);padding-bottom:7rem\">\n<div class=\"wp-block-group alignfull full-width is-vertical is-content-justification-center is-nowrap is-layout-flex wp-container-core-group-is-layout-810f5976 wp-block-group-is-layout-flex\" style=\"border-radius:0px;margin-top:0px;margin-right:0px;margin-bottom:0px;margin-left:0px;padding-top:0px;padding-right:0;padding-bottom:0px;padding-left:0\">\n<div class=\"wp-block-group is-vertical is-content-justification-center is-layout-flex wp-container-core-group-is-layout-9c2251ce wp-block-group-is-layout-flex\" style=\"margin-bottom:7rem\">\n<p class=\"has-text-align-center has-custom-vert-eau-color has-text-color has-link-color has-olive-citrus-font-family wp-elements-f0eaee58dced69870ec0bb636e12624e\" style=\"font-size:clamp(3.615rem, 3.615rem + ((1vw - 0.2rem) * 6.475), 7.5rem);line-height:0.86\">Descubre<\/p>\n\n\n\n<p class=\"has-text-align-center has-custom-vert-fonce-color has-text-color has-link-color has-boho-monoline-font-family wp-elements-4dfdd1532957df9ad814b0459f3bb281\" style=\"font-size:clamp(3.521rem, 3.521rem + ((1vw - 0.2rem) * 6.215), 7.25rem);line-height:0\">tambi\u00e9n<\/p>\n<\/div>\n<\/div>\n\n\n\n<div id=\"maillage\" class=\"wp-block-group is-layout-flow wp-block-group-is-layout-flow\">\n<div data-wp-context=\"{}\" data-wp-interactive=\"core\/query\" data-wp-key=\"0\" data-wp-router-region=\"query-0\" class=\"wp-block-query alignwide gt-fse-maillage-query is-layout-flow wp-block-query-is-layout-flow\"><ul class=\"columns-3 wp-block-post-template is-layout-grid wp-container-core-post-template-is-layout-6d3fbd8f wp-block-post-template-is-layout-grid\"><li data-wp-key=\"post-template-item-87431\" class=\"wp-block-post post-87431 page type-page status-publish has-post-thumbnail hentry\">\n\n<figure class=\"wp-block-image has-custom-border cta-image\"><img decoding=\"async\" src=\"https:\/\/www.camping-biper-gorri.com\/wp-content\/uploads\/2025\/08\/camping-biper-gorri-au-pays-basque-les-emplacements.jpg\" alt=\"camping biper gorri en el pa\u00eds vasco parcelas\" style=\"border-radius:0px\"\/><\/figure>\n\n\n\n<div class=\"wp-block-group maillage__content is-vertical is-layout-flex wp-container-core-group-is-layout-5f9f5280 wp-block-group-is-layout-flex\">\n<p class=\"has-base-2-color has-text-color has-link-color has-olive-citrus-font-family wp-elements-03881d46eb0ad8bda5f204579f2345f7\" style=\"font-size:clamp(1.502rem, 1.502rem + ((1vw - 0.2rem) * 1.663), 2.5rem);letter-spacing:-1.92px;line-height:0.86\">Parcelas<\/p>\n\n\n\n<figure class=\"wp-block-image size-large fleche\" style=\"margin-top:1rem;margin-left:2rem\"><img decoding=\"async\" width=\"50\" height=\"26\" src=\"https:\/\/www.camping-biper-gorri.com\/wp-content\/uploads\/2025\/08\/fleche-01.svg\" alt=\"flecha 01\" class=\"wp-image-129\"\/><\/figure>\n<\/div>\n\n\n<a class=\"is-style-lien-cover wp-block-read-more\" href=\"https:\/\/www.camping-biper-gorri.com\/es\/parcelas-de-camping-pais-vasco\/\" target=\"_self\">Leer m\u00e1s<span class=\"screen-reader-text\">: Parcelas<\/span><\/a>\n<\/li><li data-wp-key=\"post-template-item-87186\" class=\"wp-block-post post-87186 page type-page status-publish has-post-thumbnail hentry\">\n\n<figure class=\"wp-block-image has-custom-border cta-image\"><img decoding=\"async\" src=\"https:\/\/www.camping-biper-gorri.com\/wp-content\/uploads\/2025\/10\/location-insolite-pays-basque.jpg\" alt=\"alquiler ins\u00f3lito en el pa\u00eds vasco\" style=\"border-radius:0px\"\/><\/figure>\n\n\n\n<div class=\"wp-block-group maillage__content is-vertical is-layout-flex wp-container-core-group-is-layout-5f9f5280 wp-block-group-is-layout-flex\">\n<p class=\"has-base-2-color has-text-color has-link-color has-olive-citrus-font-family wp-elements-03881d46eb0ad8bda5f204579f2345f7\" style=\"font-size:clamp(1.502rem, 1.502rem + ((1vw - 0.2rem) * 1.663), 2.5rem);letter-spacing:-1.92px;line-height:0.86\">Alojamientos ins\u00f3litos<\/p>\n\n\n\n<figure class=\"wp-block-image size-large fleche\" style=\"margin-top:1rem;margin-left:2rem\"><img decoding=\"async\" width=\"50\" height=\"26\" src=\"https:\/\/www.camping-biper-gorri.com\/wp-content\/uploads\/2025\/08\/fleche-01.svg\" alt=\"flecha 01\" class=\"wp-image-129\"\/><\/figure>\n<\/div>\n\n\n<a class=\"is-style-lien-cover wp-block-read-more\" href=\"https:\/\/www.camping-biper-gorri.com\/es\/alquilar-inusuales-espelette\/\" target=\"_self\">Leer m\u00e1s<span class=\"screen-reader-text\">: Alojamientos at\u00edpicos<\/span><\/a>\n<\/li><li data-wp-key=\"post-template-item-87234\" class=\"wp-block-post post-87234 page type-page status-publish has-post-thumbnail hentry\">\n\n<figure class=\"wp-block-image has-custom-border cta-image\"><img decoding=\"async\" src=\"https:\/\/www.camping-biper-gorri.com\/wp-content\/uploads\/2025\/10\/location-mobil-home-espelette-1.jpg\" alt=\"alquiler de Mobil home espelette\" style=\"border-radius:0px\"\/><\/figure>\n\n\n\n<div class=\"wp-block-group maillage__content is-vertical is-layout-flex wp-container-core-group-is-layout-5f9f5280 wp-block-group-is-layout-flex\">\n<p class=\"has-base-2-color has-text-color has-link-color has-olive-citrus-font-family wp-elements-03881d46eb0ad8bda5f204579f2345f7\" style=\"font-size:clamp(1.502rem, 1.502rem + ((1vw - 0.2rem) * 1.663), 2.5rem);letter-spacing:-1.92px;line-height:0.86\">Mobil home<\/p>\n\n\n\n<figure class=\"wp-block-image size-large fleche\" style=\"margin-top:1rem;margin-left:2rem\"><img decoding=\"async\" width=\"50\" height=\"26\" src=\"https:\/\/www.camping-biper-gorri.com\/wp-content\/uploads\/2025\/08\/fleche-01.svg\" alt=\"flecha 01\" class=\"wp-image-129\"\/><\/figure>\n<\/div>\n\n\n<a class=\"is-style-lien-cover wp-block-read-more\" href=\"https:\/\/www.camping-biper-gorri.com\/es\/alquiler-mobil-home-espelette\/\" target=\"_self\">Leer m\u00e1s<span class=\"screen-reader-text\">: Mobil home<\/span><\/a>\n<\/li><\/ul><\/div>\n<\/div>\n<\/section>\n","protected":false},"excerpt":{"rendered":"<p>Camping barato en el Pa\u00eds Vasco \u00bfBuscas un camping barato en el Pa\u00eds Vasco para tus pr\u00f3ximas vacaciones? El camping Biper Gorri de Espelette tiene unas ofertas y promociones excepcionales para que disfrutes de la belleza del Pa\u00eds Vasco a bajo precio. Tanto si vienes en familia, con amigos o en pareja, nuestras tarifas reducidas [&hellip;]<\/p>\n","protected":false},"author":1,"featured_media":89987,"parent":0,"menu_order":0,"comment_status":"closed","ping_status":"closed","template":"","meta":{"_acf_changed":false,"_seopress_robots_primary_cat":"","_seopress_titles_title":"Camping barato en el Pa\u00eds Vasco I Promociones camping Espelette","_seopress_titles_desc":"Reg\u00e1late unas vacaciones de calidad a un precio reducido: Descubre las promociones exclusivas del Camping Biper Gorri de Espelette, en el Pa\u00eds Vasco.","_seopress_robots_index":"","inline_featured_image":false,"gt_fse_maillage_image":"https:\/\/www.camping-biper-gorri.com\/wp-content\/uploads\/2025\/10\/camping-pas-cher-pays-basque.jpg","gt_fse_maillage_titre":"Ofertas y promociones","gt_fse_maillage_alt":"camping barato en el pa\u00eds vasco","gt_fse_maillage_resume":"","footnotes":""},"categories":[],"tags":[],"class_list":["post-87180","page","type-page","status-publish","has-post-thumbnail","hentry"],"acf":[],"_links":{"self":[{"href":"https:\/\/www.camping-biper-gorri.com\/es\/wp-json\/wp\/v2\/pages\/87180","targetHints":{"allow":["GET"]}}],"collection":[{"href":"https:\/\/www.camping-biper-gorri.com\/es\/wp-json\/wp\/v2\/pages"}],"about":[{"href":"https:\/\/www.camping-biper-gorri.com\/es\/wp-json\/wp\/v2\/types\/page"}],"author":[{"embeddable":true,"href":"https:\/\/www.camping-biper-gorri.com\/es\/wp-json\/wp\/v2\/users\/1"}],"replies":[{"embeddable":true,"href":"https:\/\/www.camping-biper-gorri.com\/es\/wp-json\/wp\/v2\/comments?post=87180"}],"version-history":[{"count":11,"href":"https:\/\/www.camping-biper-gorri.com\/es\/wp-json\/wp\/v2\/pages\/87180\/revisions"}],"predecessor-version":[{"id":90297,"href":"https:\/\/www.camping-biper-gorri.com\/es\/wp-json\/wp\/v2\/pages\/87180\/revisions\/90297"}],"wp:featuredmedia":[{"embeddable":true,"href":"https:\/\/www.camping-biper-gorri.com\/es\/wp-json\/wp\/v2\/media\/89987"}],"wp:attachment":[{"href":"https:\/\/www.camping-biper-gorri.com\/es\/wp-json\/wp\/v2\/media?parent=87180"}],"wp:term":[{"taxonomy":"category","embeddable":true,"href":"https:\/\/www.camping-biper-gorri.com\/es\/wp-json\/wp\/v2\/categories?post=87180"},{"taxonomy":"post_tag","embeddable":true,"href":"https:\/\/www.camping-biper-gorri.com\/es\/wp-json\/wp\/v2\/tags?post=87180"}],"curies":[{"name":"wp","href":"https:\/\/api.w.org\/{rel}","templated":true}]}}