{"id":87137,"date":"2025-09-18T12:43:16","date_gmt":"2025-09-18T12:43:16","guid":{"rendered":"https:\/\/www.camping-biper-gorri.com\/documents-utiles\/"},"modified":"2025-10-30T08:28:06","modified_gmt":"2025-10-30T08:28:06","slug":"documentos-utiles","status":"publish","type":"page","link":"https:\/\/www.camping-biper-gorri.com\/es\/documentos-utiles\/","title":{"rendered":"Documentos \u00fatiles"},"content":{"rendered":"\n<section class=\"wp-block-group gt_sliderphoto_001 bis page has-global-padding is-layout-constrained wp-container-core-group-is-layout-101754a8 wp-block-group-is-layout-constrained\" style=\"margin-top:0px;margin-bottom:0px;padding-bottom:0rem\">\n<h1 class=\"wp-block-heading has-text-align-center\">Documentos \u00fatiles para tus vacaciones de camping en Espelette<\/h1>\n\n\n\n<p class=\"has-text-align-center\" style=\"padding-right:var(--wp--preset--spacing--60);padding-left:var(--wp--preset--spacing--60)\">Descubre nuestra secci\u00f3n \u00abdocumentos para descargar\u00bb para acceder f\u00e1cilmente a todos los <strong>formularios<\/strong>, <strong>folletos<\/strong> e <strong>informaci\u00f3n esencial<\/strong> del Camping Paradis Biper Gorri, <a href=\"https:\/\/www.camping-biper-gorri.com\/es\/\">camping en el Pa\u00eds Vasco<\/a>. Si buscas informaci\u00f3n sobre nuestros <strong>servicios<\/strong>, <strong>mapas del camping<\/strong> o <strong>gu\u00edas de actividades<\/strong>, todo est\u00e1 a un clic de distancia para facilitarte tus <a href=\"https:\/\/www.camping-biper-gorri.com\/es\/lugares\/turismo-espelette\/\">vacaciones de camping en Espelette<\/a>. <\/p>\n\n\n\n<div class=\"wp-block-columns is-layout-flex wp-container-core-columns-is-layout-28f84493 wp-block-columns-is-layout-flex\">\n<div class=\"wp-block-column is-layout-flow wp-block-column-is-layout-flow\">\n<div class=\"wp-block-buttons is-content-justification-center is-layout-flex wp-container-core-buttons-is-layout-a89b3969 wp-block-buttons-is-layout-flex\">\n<div class=\"wp-block-button is-style-outline is-style-outline--1\"><a class=\"wp-block-button__link has-custom-vert-fonce-color has-text-color has-link-color has-olive-citrus-font-family has-custom-font-size wp-element-button\" href=\"https:\/\/www.camping-biper-gorri.com\/wp-content\/uploads\/2025\/10\/biper-gorri-brochure-2024-camping-biper-gorri.pdf\" style=\"border-style:none;border-width:0px;border-radius:0px;font-size:clamp(1.092rem, 1.092rem + ((1vw - 0.2rem) * 1.013), 1.7rem);font-style:normal;font-weight:700\" target=\"_blank\" rel=\"noreferrer noopener nofollow\">Folleto <img decoding=\"async\" width=\"50\" height=\"26\" class=\"wp-image-129\" style=\"width: 50px;\" src=\"https:\/\/www.camping-biper-gorri.com\/wp-content\/uploads\/2025\/08\/fleche-01.svg\" alt=\"flecha 01\"\/><\/a><\/div>\n<\/div>\n\n\n\n<div class=\"wp-block-buttons is-content-justification-center is-layout-flex wp-container-core-buttons-is-layout-a89b3969 wp-block-buttons-is-layout-flex\">\n<div class=\"wp-block-button is-style-outline is-style-outline--2\"><a class=\"wp-block-button__link has-custom-vert-fonce-color has-text-color has-link-color has-olive-citrus-font-family has-custom-font-size wp-element-button\" href=\"https:\/\/www.camping-biper-gorri.com\/wp-content\/uploads\/2025\/10\/biper-gorri-plan-camping-2025.pdf\" style=\"border-style:none;border-width:0px;border-radius:0px;font-size:clamp(1.092rem, 1.092rem + ((1vw - 0.2rem) * 1.013), 1.7rem);font-style:normal;font-weight:700\" target=\"_blank\" rel=\"noreferrer noopener nofollow\">Mapa del camping <img decoding=\"async\" width=\"50\" height=\"26\" class=\"wp-image-129\" style=\"width: 50px;\" src=\"https:\/\/www.camping-biper-gorri.com\/wp-content\/uploads\/2025\/08\/fleche-01.svg\" alt=\"flecha 01\"\/><\/a><\/div>\n<\/div>\n\n\n\n<div class=\"wp-block-buttons is-content-justification-center is-layout-flex wp-container-core-buttons-is-layout-a89b3969 wp-block-buttons-is-layout-flex\">\n<div class=\"wp-block-button is-style-outline is-style-outline--3\"><a class=\"wp-block-button__link has-custom-vert-fonce-color has-text-color has-link-color has-olive-citrus-font-family has-custom-font-size wp-element-button\" href=\"https:\/\/www.camping-biper-gorri.com\/wp-content\/uploads\/2025\/10\/biper-gorri-reglement.pdf\" style=\"border-style:none;border-width:0px;border-radius:0px;font-size:clamp(1.092rem, 1.092rem + ((1vw - 0.2rem) * 1.013), 1.7rem);font-style:normal;font-weight:700\" target=\"_blank\" rel=\"noreferrer noopener nofollow\">Reglamento interno <img decoding=\"async\" width=\"50\" height=\"26\" class=\"wp-image-129\" style=\"width: 50px;\" src=\"https:\/\/www.camping-biper-gorri.com\/wp-content\/uploads\/2025\/08\/fleche-01.svg\" alt=\"flecha 01\"\/><\/a><\/div>\n<\/div>\n<\/div>\n\n\n\n<div class=\"wp-block-column is-layout-flow wp-block-column-is-layout-flow\">\n<div class=\"wp-block-buttons is-content-justification-center is-layout-flex wp-container-core-buttons-is-layout-a89b3969 wp-block-buttons-is-layout-flex\">\n<div class=\"wp-block-button is-style-outline is-style-outline--4\"><a class=\"wp-block-button__link has-custom-vert-fonce-color has-text-color has-link-color has-olive-citrus-font-family has-custom-font-size wp-element-button\" href=\"https:\/\/www.camping-biper-gorri.com\/wp-content\/uploads\/2025\/10\/biper-gorri-contrat-reservation.pdf\" style=\"border-style:none;border-width:0px;border-radius:0px;font-size:clamp(1.092rem, 1.092rem + ((1vw - 0.2rem) * 1.013), 1.7rem);font-style:normal;font-weight:700\" target=\"_blank\" rel=\"noreferrer noopener nofollow\">Contrato <img decoding=\"async\" width=\"50\" height=\"26\" class=\"wp-image-129\" style=\"width: 50px;\" src=\"https:\/\/www.camping-biper-gorri.com\/wp-content\/uploads\/2025\/08\/fleche-01.svg\" alt=\"flecha 01\"\/><\/a><\/div>\n<\/div>\n\n\n\n<div class=\"wp-block-buttons is-content-justification-center is-layout-flex wp-container-core-buttons-is-layout-a89b3969 wp-block-buttons-is-layout-flex\">\n<div class=\"wp-block-button is-style-outline is-style-outline--5\"><a class=\"wp-block-button__link has-custom-vert-fonce-color has-text-color has-link-color has-olive-citrus-font-family has-custom-font-size wp-element-button\" href=\"https:\/\/www.camping-biper-gorri.com\/wp-content\/uploads\/2025\/10\/biper-gorri-tarifs-location-2025.pdf\" style=\"border-style:none;border-width:0px;border-radius:0px;font-size:clamp(1.092rem, 1.092rem + ((1vw - 0.2rem) * 1.013), 1.7rem);font-style:normal;font-weight:700\" target=\"_blank\" rel=\"noreferrer noopener nofollow\">Tarifas de alquiler <img decoding=\"async\" width=\"50\" height=\"26\" class=\"wp-image-129\" style=\"width: 50px;\" src=\"https:\/\/www.camping-biper-gorri.com\/wp-content\/uploads\/2025\/08\/fleche-01.svg\" alt=\"flecha 01\"\/><\/a><\/div>\n<\/div>\n\n\n\n<div class=\"wp-block-buttons is-content-justification-center is-layout-flex wp-container-core-buttons-is-layout-a89b3969 wp-block-buttons-is-layout-flex\">\n<div class=\"wp-block-button is-style-outline is-style-outline--6\"><a class=\"wp-block-button__link has-custom-vert-fonce-color has-text-color has-link-color has-olive-citrus-font-family has-custom-font-size wp-element-button\" href=\"https:\/\/www.camping-biper-gorri.com\/wp-content\/uploads\/2025\/10\/biper-gorri-tarifs-emplacement-2025.pdf\" style=\"border-style:none;border-width:0px;border-radius:0px;font-size:clamp(1.092rem, 1.092rem + ((1vw - 0.2rem) * 1.013), 1.7rem);font-style:normal;font-weight:700\" target=\"_blank\" rel=\"noreferrer noopener nofollow\">Precios de las parcelas <img decoding=\"async\" width=\"50\" height=\"26\" class=\"wp-image-129\" style=\"width: 50px;\" src=\"https:\/\/www.camping-biper-gorri.com\/wp-content\/uploads\/2025\/08\/fleche-01.svg\" alt=\"flecha 01\"\/><\/a><\/div>\n<\/div>\n<\/div>\n\n\n\n<div class=\"wp-block-column is-layout-flow wp-block-column-is-layout-flow\">\n<div class=\"wp-block-buttons is-content-justification-center is-layout-flex wp-container-core-buttons-is-layout-a89b3969 wp-block-buttons-is-layout-flex\">\n<div class=\"wp-block-button is-style-outline is-style-outline--7\"><a class=\"wp-block-button__link has-custom-vert-fonce-color has-text-color has-link-color has-olive-citrus-font-family has-custom-font-size wp-element-button\" href=\"https:\/\/www.camping-biper-gorri.com\/wp-content\/uploads\/2025\/10\/biper-gorri-contrat-cgv-2025-fr.pdf\" style=\"border-style:none;border-width:0px;border-radius:0px;font-size:clamp(1.092rem, 1.092rem + ((1vw - 0.2rem) * 1.013), 1.7rem);font-style:normal;font-weight:700\" target=\"_blank\" rel=\"noreferrer noopener nofollow\">CONDICIONES GENERALES <img decoding=\"async\" width=\"50\" height=\"26\" class=\"wp-image-129\" style=\"width: 50px;\" src=\"https:\/\/www.camping-biper-gorri.com\/wp-content\/uploads\/2025\/08\/fleche-01.svg\" alt=\"flecha 01\"\/><\/a><\/div>\n<\/div>\n\n\n\n<div class=\"wp-block-buttons has-custom-font-size is-style-outline has-link-color has-olive-citrus-font-family wp-elements-df986b0b4462cc9fc4c064800dddf492 is-content-justification-center is-layout-flex wp-container-core-buttons-is-layout-a89b3969 wp-block-buttons-is-layout-flex\" style=\"border-style:none;border-width:0px;border-radius:0px;font-size:clamp(1.092rem, 1.092rem + ((1vw - 0.2rem) * 1.013), 1.7rem);font-style:normal;font-weight:700\">\n<div class=\"wp-block-button is-style-outline is-style-outline--8\"><a class=\"wp-block-button__link has-custom-vert-fonce-color has-text-color has-link-color has-olive-citrus-font-family has-custom-font-size wp-element-button\" href=\"https:\/\/www.camping-biper-gorri.com\/wp-content\/uploads\/2025\/10\/biper-gorri-assurance-flex-2025.pdf\" style=\"border-style:none;border-width:0px;border-radius:0px;font-size:clamp(1.092rem, 1.092rem + ((1vw - 0.2rem) * 1.013), 1.7rem);font-style:normal;font-weight:700\" target=\"_blank\" rel=\"noreferrer noopener nofollow\">Seguro Flex <img decoding=\"async\" width=\"50\" height=\"26\" class=\"wp-image-129\" style=\"width: 50px;\" src=\"https:\/\/www.camping-biper-gorri.com\/wp-content\/uploads\/2025\/08\/fleche-01.svg\" alt=\"flecha 01\"\/><\/a><\/div>\n<\/div>\n\n\n\n<div class=\"wp-block-buttons is-content-justification-center is-layout-flex wp-container-core-buttons-is-layout-a89b3969 wp-block-buttons-is-layout-flex\">\n<div class=\"wp-block-button is-style-outline is-style-outline--9\"><a class=\"wp-block-button__link has-custom-vert-fonce-color has-text-color has-link-color has-olive-citrus-font-family has-custom-font-size wp-element-button\" href=\"https:\/\/www.camping-biper-gorri.com\/wp-content\/uploads\/2025\/10\/biper-gorri-tarifs-assurance.pdf\" style=\"border-style:none;border-width:0px;border-radius:0px;font-size:clamp(1.092rem, 1.092rem + ((1vw - 0.2rem) * 1.013), 1.7rem);font-style:normal;font-weight:700\" target=\"_blank\" rel=\"noreferrer noopener nofollow\">Tarifas de los seguros <img decoding=\"async\" width=\"50\" height=\"26\" class=\"wp-image-129\" style=\"width: 50px;\" src=\"https:\/\/www.camping-biper-gorri.com\/wp-content\/uploads\/2025\/08\/fleche-01.svg\" alt=\"flecha 01\"\/><\/a><\/div>\n<\/div>\n<\/div>\n<\/div>\n<\/section>\n\n<section class=\"wp-block-group alignfull gt_maillage has-global-padding is-layout-constrained wp-container-core-group-is-layout-99b66418 wp-block-group-is-layout-constrained\" style=\"margin-top:0px;margin-bottom:0px;padding-top:var(--wp--preset--spacing--50);padding-bottom:7rem\">\n<div class=\"wp-block-group alignfull full-width is-vertical is-content-justification-center is-nowrap is-layout-flex wp-container-core-group-is-layout-810f5976 wp-block-group-is-layout-flex\" style=\"border-radius:0px;margin-top:0px;margin-right:0px;margin-bottom:0px;margin-left:0px;padding-top:0px;padding-right:0;padding-bottom:0px;padding-left:0\">\n<div class=\"wp-block-group is-vertical is-content-justification-center is-layout-flex wp-container-core-group-is-layout-9c2251ce wp-block-group-is-layout-flex\" style=\"margin-bottom:7rem\">\n<p class=\"has-text-align-center has-custom-vert-eau-color has-text-color has-link-color has-olive-citrus-font-family wp-elements-f0eaee58dced69870ec0bb636e12624e\" style=\"font-size:clamp(3.615rem, 3.615rem + ((1vw - 0.2rem) * 6.475), 7.5rem);line-height:0.86\">Descubre<\/p>\n\n\n\n<p class=\"has-text-align-center has-custom-vert-fonce-color has-text-color has-link-color has-boho-monoline-font-family wp-elements-4dfdd1532957df9ad814b0459f3bb281\" style=\"font-size:clamp(3.521rem, 3.521rem + ((1vw - 0.2rem) * 6.215), 7.25rem);line-height:0\">tambi\u00e9n<\/p>\n<\/div>\n<\/div>\n\n\n\n<div id=\"maillage\" class=\"wp-block-group is-layout-flow wp-block-group-is-layout-flow\">\n<div data-wp-context=\"{}\" data-wp-interactive=\"core\/query\" data-wp-key=\"0\" data-wp-router-region=\"query-0\" class=\"wp-block-query alignwide gt-fse-maillage-query is-layout-flow wp-block-query-is-layout-flow\"><ul class=\"columns-3 wp-block-post-template is-layout-grid wp-container-core-post-template-is-layout-6d3fbd8f wp-block-post-template-is-layout-grid\"><li data-wp-key=\"post-template-item-87115\" class=\"wp-block-post post-87115 page type-page status-publish has-post-thumbnail hentry\">\n\n<figure class=\"wp-block-image has-custom-border cta-image\"><img decoding=\"async\" src=\"https:\/\/www.camping-biper-gorri.com\/wp-content\/uploads\/2025\/10\/camping-biper-gorri-avis-clients-cta.jpg\" alt=\"camping biper gorri opiniones de clientes\" style=\"border-radius:0px\"\/><\/figure>\n\n\n\n<div class=\"wp-block-group maillage__content is-vertical is-layout-flex wp-container-core-group-is-layout-5f9f5280 wp-block-group-is-layout-flex\">\n<p class=\"has-base-2-color has-text-color has-link-color has-olive-citrus-font-family wp-elements-03881d46eb0ad8bda5f204579f2345f7\" style=\"font-size:clamp(1.502rem, 1.502rem + ((1vw - 0.2rem) * 1.663), 2.5rem);letter-spacing:-1.92px;line-height:0.86\">Opiniones de clientes<\/p>\n\n\n\n<figure class=\"wp-block-image size-large fleche\" style=\"margin-top:1rem;margin-left:2rem\"><img decoding=\"async\" width=\"50\" height=\"26\" src=\"https:\/\/www.camping-biper-gorri.com\/wp-content\/uploads\/2025\/08\/fleche-01.svg\" alt=\"flecha 01\" class=\"wp-image-129\"\/><\/figure>\n<\/div>\n\n\n<a class=\"is-style-lien-cover wp-block-read-more\" href=\"https:\/\/www.camping-biper-gorri.com\/es\/opiniones-de-clientes-camping-biper-gorri\/\" target=\"_self\">Leer m\u00e1s<span class=\"screen-reader-text\">: Opini\u00f3nes<\/span><\/a>\n<\/li><li data-wp-key=\"post-template-item-87394\" class=\"wp-block-post post-87394 page type-page status-publish has-post-thumbnail hentry\">\n\n<figure class=\"wp-block-image has-custom-border cta-image\"><img decoding=\"async\" src=\"https:\/\/www.camping-biper-gorri.com\/wp-content\/uploads\/2025\/10\/contact-camping-espelette-cta.jpg\" alt=\"contacto camping espelette\" style=\"border-radius:0px\"\/><\/figure>\n\n\n\n<div class=\"wp-block-group maillage__content is-vertical is-layout-flex wp-container-core-group-is-layout-5f9f5280 wp-block-group-is-layout-flex\">\n<p class=\"has-base-2-color has-text-color has-link-color has-olive-citrus-font-family wp-elements-03881d46eb0ad8bda5f204579f2345f7\" style=\"font-size:clamp(1.502rem, 1.502rem + ((1vw - 0.2rem) * 1.663), 2.5rem);letter-spacing:-1.92px;line-height:0.86\">Contacto y acceso<\/p>\n\n\n\n<figure class=\"wp-block-image size-large fleche\" style=\"margin-top:1rem;margin-left:2rem\"><img decoding=\"async\" width=\"50\" height=\"26\" src=\"https:\/\/www.camping-biper-gorri.com\/wp-content\/uploads\/2025\/08\/fleche-01.svg\" alt=\"flecha 01\" class=\"wp-image-129\"\/><\/figure>\n<\/div>\n\n\n<a class=\"is-style-lien-cover wp-block-read-more\" href=\"https:\/\/www.camping-biper-gorri.com\/es\/contacto-camping-espelette\/\" target=\"_self\">Leer m\u00e1s<span class=\"screen-reader-text\">: Contacto y acceso<\/span><\/a>\n<\/li><li data-wp-key=\"post-template-item-87407\" class=\"wp-block-post post-87407 page type-page status-publish has-post-thumbnail hentry\">\n\n<figure class=\"wp-block-image has-custom-border cta-image\"><img decoding=\"async\" src=\"https:\/\/www.camping-biper-gorri.com\/wp-content\/uploads\/2025\/10\/faq-camping-cta.jpg\" alt=\"faq camping\" style=\"border-radius:0px\"\/><\/figure>\n\n\n\n<div class=\"wp-block-group maillage__content is-vertical is-layout-flex wp-container-core-group-is-layout-5f9f5280 wp-block-group-is-layout-flex\">\n<p class=\"has-base-2-color has-text-color has-link-color has-olive-citrus-font-family wp-elements-03881d46eb0ad8bda5f204579f2345f7\" style=\"font-size:clamp(1.502rem, 1.502rem + ((1vw - 0.2rem) * 1.663), 2.5rem);letter-spacing:-1.92px;line-height:0.86\">Preguntas m\u00e1s frecuentes<\/p>\n\n\n\n<figure class=\"wp-block-image size-large fleche\" style=\"margin-top:1rem;margin-left:2rem\"><img decoding=\"async\" width=\"50\" height=\"26\" src=\"https:\/\/www.camping-biper-gorri.com\/wp-content\/uploads\/2025\/08\/fleche-01.svg\" alt=\"flecha 01\" class=\"wp-image-129\"\/><\/figure>\n<\/div>\n\n\n<a class=\"is-style-lien-cover wp-block-read-more\" href=\"https:\/\/www.camping-biper-gorri.com\/es\/camping-faq\/\" target=\"_self\">Leer m\u00e1s<span class=\"screen-reader-text\">: FAQ<\/span><\/a>\n<\/li><\/ul><\/div>\n<\/div>\n<\/section>\n","protected":false},"excerpt":{"rendered":"<p>Documentos \u00fatiles para tus vacaciones de camping en Espelette Descubre nuestra secci\u00f3n \u00abdocumentos para descargar\u00bb para acceder f\u00e1cilmente a todos los formularios, folletos e informaci\u00f3n esencial del Camping Paradis Biper Gorri, camping en el Pa\u00eds Vasco. Si buscas informaci\u00f3n sobre nuestros servicios, mapas del camping o gu\u00edas de actividades, todo est\u00e1 a un clic de [&hellip;]<\/p>\n","protected":false},"author":1,"featured_media":60840,"parent":0,"menu_order":0,"comment_status":"closed","ping_status":"closed","template":"","meta":{"_acf_changed":false,"_seopress_robots_primary_cat":"","_seopress_titles_title":"Planifica tu estancia en el camping Biper Gorri en el Pa\u00eds Vasco","_seopress_titles_desc":"Descarga todos los documentos que necesitas para aprovechar al m\u00e1ximo tu futura estancia en el camping Biper Gorri de Espelette, en el Pa\u00eds Vasco. \ud83c\udf1e","_seopress_robots_index":"","inline_featured_image":false,"gt_fse_maillage_image":"https:\/\/www.camping-biper-gorri.com\/wp-content\/uploads\/2025\/10\/documents-utiles-camping-biper-gorri-pays-basque-cta.jpg","gt_fse_maillage_titre":"Documentos \u00fatiles","gt_fse_maillage_alt":"documentos \u00fatiles camping biper gorri pays basque","gt_fse_maillage_resume":"","footnotes":""},"categories":[],"tags":[],"class_list":["post-87137","page","type-page","status-publish","has-post-thumbnail","hentry"],"acf":[],"_links":{"self":[{"href":"https:\/\/www.camping-biper-gorri.com\/es\/wp-json\/wp\/v2\/pages\/87137","targetHints":{"allow":["GET"]}}],"collection":[{"href":"https:\/\/www.camping-biper-gorri.com\/es\/wp-json\/wp\/v2\/pages"}],"about":[{"href":"https:\/\/www.camping-biper-gorri.com\/es\/wp-json\/wp\/v2\/types\/page"}],"author":[{"embeddable":true,"href":"https:\/\/www.camping-biper-gorri.com\/es\/wp-json\/wp\/v2\/users\/1"}],"replies":[{"embeddable":true,"href":"https:\/\/www.camping-biper-gorri.com\/es\/wp-json\/wp\/v2\/comments?post=87137"}],"version-history":[{"count":6,"href":"https:\/\/www.camping-biper-gorri.com\/es\/wp-json\/wp\/v2\/pages\/87137\/revisions"}],"predecessor-version":[{"id":89731,"href":"https:\/\/www.camping-biper-gorri.com\/es\/wp-json\/wp\/v2\/pages\/87137\/revisions\/89731"}],"wp:featuredmedia":[{"embeddable":true,"href":"https:\/\/www.camping-biper-gorri.com\/es\/wp-json\/wp\/v2\/media\/60840"}],"wp:attachment":[{"href":"https:\/\/www.camping-biper-gorri.com\/es\/wp-json\/wp\/v2\/media?parent=87137"}],"wp:term":[{"taxonomy":"category","embeddable":true,"href":"https:\/\/www.camping-biper-gorri.com\/es\/wp-json\/wp\/v2\/categories?post=87137"},{"taxonomy":"post_tag","embeddable":true,"href":"https:\/\/www.camping-biper-gorri.com\/es\/wp-json\/wp\/v2\/tags?post=87137"}],"curies":[{"name":"wp","href":"https:\/\/api.w.org\/{rel}","templated":true}]}}