{"id":87126,"date":"2025-09-24T14:40:33","date_gmt":"2025-09-24T14:40:33","guid":{"rendered":"https:\/\/www.camping-biper-gorri.com\/mentions-legales\/"},"modified":"2025-10-28T15:04:08","modified_gmt":"2025-10-28T15:04:08","slug":"informacion-legal","status":"publish","type":"page","link":"https:\/\/www.camping-biper-gorri.com\/es\/informacion-legal\/","title":{"rendered":"Informaci\u00f3n legal"},"content":{"rendered":"\n<section class=\"wp-block-group gt_sliderphoto_001 bis page has-global-padding is-layout-constrained wp-container-core-group-is-layout-2c1495b7 wp-block-group-is-layout-constrained\" style=\"margin-top:0px;margin-bottom:0px;padding-bottom:7rem\">\n<h1 class=\"wp-block-heading\">Informaci\u00f3n legal<\/h1>\n\n\n\n<h2 class=\"wp-block-heading\">Jefe de obra<\/h2>\n\n\n\n<p><strong>CAMPING BIPER GORRI<\/strong> (SAS) <br\/>CHE DE LAPITXAGUE, 64250 ESPELETTE <br\/>Tel. +33 (0)5 59 93 96 88 <br\/>Correo electr\u00f3nico: info@camping-biper-gorri.com <br\/>SIREN : 433 531 654 <br\/>TVA Intracommunautaire : FR59433531654 <br\/>Capital social : 30489,80\u20ac <br\/>Director de la publicaci\u00f3n : M. Eric ALBINO <\/p>\n\n\n\n<h2 class=\"wp-block-heading\">CREADO PARA<\/h2>\n\n\n\n<p><strong>GEEK TONIC<\/strong> <br\/>Representada por el Sr. Yohan Darmayan en calidad de Gerente <br\/>Domicilio social: 16 CHEMIN DE SABALCE 64100 BAYONNE <br\/>Tel: 05 32 74 11 53 <br\/>E-mail: support@geek-tonic.com <br\/>P\u00e1gina web <a href=\"https:\/\/www.geek-tonic.com\/\" target=\"_blank\" rel=\"noreferrer noopener\">www.geek-tonic.com<\/a> <br\/>SIRET: 89746755100031 <br\/>APE: 6201Z<\/p>\n\n\n\n<h2 class=\"wp-block-heading\">COPYRIGHT<\/h2>\n\n\n\n<p>Todo el contenido de este sitio est\u00e1 sujeto a derechos de autor y de propiedad intelectual seg\u00fan la legislaci\u00f3n francesa. Queda prohibida cualquier reproducci\u00f3n (incluidas fotos, iconos y documentos descargables) sin el consentimiento previo de GEEK TONIC. Queda prohibida la reproducci\u00f3n en un soporte electr\u00f3nico de la totalidad o parte del sitio en formato papel o electr\u00f3nico. GEEK TONIC no se hace responsable del contenido del sitio web. GEEK TONIC declina asimismo toda responsabilidad por los enlaces externos que apunten a este sitio.   <\/p>\n\n\n\n<h2 class=\"wp-block-heading\">DATOS PERSONALES E INFORMACI\u00d3N NOMINATIVA<\/h2>\n\n\n\n<p>Tienes derecho a acceder, modificar, rectificar y suprimir los datos que te conciernen, de conformidad con el art\u00edculo 34 de la Ley francesa de Protecci\u00f3n de Datos (Loi \u00abInformatique et Libert\u00e9s\u00bb) n\u00ba 78-17 de 6 de enero de 1978, modificada el 6 de agosto de 2018. Para ejercer tu derecho de acceso, s\u00f3lo tienes que enviar una solicitud por escrito al editor del sitio. <\/p>\n\n\n\n<h2 class=\"wp-block-heading\">LEGISLACI\u00d3N<\/h2>\n\n\n\n<p>De conformidad con la ley de 11 de marzo de 1957 (art. 41) y el c\u00f3digo de la propiedad intelectual de 1 de julio de 1992, est\u00e1 prohibida la reproducci\u00f3n total o parcial del sitio sin autorizaci\u00f3n previa del editor del sitio. Los logotipos, elementos visuales, fotos, v\u00eddeos, cuadros gr\u00e1ficos y textos son propiedad de sus respectivos due\u00f1os. Este sitio puede, sin su conocimiento, haber sido vinculado a otros sitios mediante enlaces hipermedia. El editor del sitio no acepta ninguna responsabilidad por la informaci\u00f3n presentada en estos otros sitios. Los internautas reconocen que la utilizaci\u00f3n de este sitio se rige por la legislaci\u00f3n francesa.    <\/p>\n<\/section>\n","protected":false},"excerpt":{"rendered":"<p>Informaci\u00f3n legal Jefe de obra CAMPING BIPER GORRI (SAS) CHE DE LAPITXAGUE, 64250 ESPELETTE Tel. +33 (0)5 59 93 96 88 Correo electr\u00f3nico: info@camping-biper-gorri.com SIREN : 433 531 654 TVA Intracommunautaire : FR59433531654 Capital social : 30489,80\u20ac Director de la publicaci\u00f3n : M. Eric ALBINO CREADO PARA GEEK TONIC Representada por el Sr. Yohan Darmayan [&hellip;]<\/p>\n","protected":false},"author":1,"featured_media":24621,"parent":0,"menu_order":0,"comment_status":"closed","ping_status":"closed","template":"","meta":{"_acf_changed":false,"_seopress_robots_primary_cat":"","_seopress_titles_title":"%%post_title%% %%sep%% %%sitetitle%%","_seopress_titles_desc":"%%post_excerpt%%","_seopress_robots_index":"s\u00ed","inline_featured_image":false,"gt_fse_maillage_image":"https:\/\/www.camping-biper-gorri.com\/wp-content\/uploads\/2025\/09\/mentions-legales-camping-biper-gorri-pays-basque.jpg","gt_fse_maillage_titre":"Informaci\u00f3n legal","gt_fse_maillage_alt":"informaci\u00f3n legal","gt_fse_maillage_resume":"","footnotes":""},"categories":[],"tags":[],"class_list":["post-87126","page","type-page","status-publish","has-post-thumbnail","hentry"],"acf":[],"_links":{"self":[{"href":"https:\/\/www.camping-biper-gorri.com\/es\/wp-json\/wp\/v2\/pages\/87126","targetHints":{"allow":["GET"]}}],"collection":[{"href":"https:\/\/www.camping-biper-gorri.com\/es\/wp-json\/wp\/v2\/pages"}],"about":[{"href":"https:\/\/www.camping-biper-gorri.com\/es\/wp-json\/wp\/v2\/types\/page"}],"author":[{"embeddable":true,"href":"https:\/\/www.camping-biper-gorri.com\/es\/wp-json\/wp\/v2\/users\/1"}],"replies":[{"embeddable":true,"href":"https:\/\/www.camping-biper-gorri.com\/es\/wp-json\/wp\/v2\/comments?post=87126"}],"version-history":[{"count":6,"href":"https:\/\/www.camping-biper-gorri.com\/es\/wp-json\/wp\/v2\/pages\/87126\/revisions"}],"predecessor-version":[{"id":89154,"href":"https:\/\/www.camping-biper-gorri.com\/es\/wp-json\/wp\/v2\/pages\/87126\/revisions\/89154"}],"wp:featuredmedia":[{"embeddable":true,"href":"https:\/\/www.camping-biper-gorri.com\/es\/wp-json\/wp\/v2\/media\/24621"}],"wp:attachment":[{"href":"https:\/\/www.camping-biper-gorri.com\/es\/wp-json\/wp\/v2\/media?parent=87126"}],"wp:term":[{"taxonomy":"category","embeddable":true,"href":"https:\/\/www.camping-biper-gorri.com\/es\/wp-json\/wp\/v2\/categories?post=87126"},{"taxonomy":"post_tag","embeddable":true,"href":"https:\/\/www.camping-biper-gorri.com\/es\/wp-json\/wp\/v2\/tags?post=87126"}],"curies":[{"name":"wp","href":"https:\/\/api.w.org\/{rel}","templated":true}]}}