{"id":87187,"date":"2025-08-07T12:57:20","date_gmt":"2025-08-07T12:57:20","guid":{"rendered":"https:\/\/www.camping-biper-gorri.com\/camping-pas-cher-espelette\/"},"modified":"2025-10-30T15:17:27","modified_gmt":"2025-10-30T15:17:27","slug":"guenstiger-campingplatz-espelette","status":"publish","type":"page","link":"https:\/\/www.camping-biper-gorri.com\/de\/guenstiger-campingplatz-espelette\/","title":{"rendered":"Angebote und Promotionen"},"content":{"rendered":"\n<section class=\"wp-block-group gt_sliderphoto_001 bis page has-global-padding is-layout-constrained wp-container-core-group-is-layout-bf503d4a wp-block-group-is-layout-constrained\">\n<div class=\"wp-block-columns has-custom-vert-transparent-background-color has-background is-layout-flex wp-container-core-columns-is-layout-6c1e7216 wp-block-columns-is-layout-flex\" style=\"padding-top:4rem;padding-right:0px;padding-bottom:4rem;padding-left:60px\">\n<div class=\"wp-block-column is-vertically-aligned-center first is-layout-flow wp-block-column-is-layout-flow\" style=\"padding-right:2rem;flex-basis:45.3%\">\n<h1 class=\"wp-block-heading\" style=\"line-height:1.3\"><strong>G\u00fcnstiger Campingplatz<\/strong><br\/>im Baskenland<\/h1>\n\n\n\n<p>Sie suchen einen g\u00fcnstigen Campingplatz im Baskenland f\u00fcr Ihren n\u00e4chsten Urlaub? Der <a href=\"https:\/\/www.camping-biper-gorri.com\/de\/\">Campingplatz Biper Gorri in Espelette<\/a> bietet Ihnen <strong>tolle Angebote und Aktionen<\/strong>, damit Sie die Sch\u00f6nheit des Baskenlandes zum kleinen Preis genie\u00dfen k\u00f6nnen. <\/p>\n\n\n\n<p>Ob Sie mit der Familie, mit Freunden oder als Paar reisen, unsere g\u00fcnstigen Preise garantieren Ihnen einen <strong>qualitativ hochwertigen Urlaub<\/strong>, ohne dass Sie sich ruinieren m\u00fcssen. Profitieren Sie von einem besseren Preis f\u00fcr einen komfortablen Aufenthalt <strong>im Herzen der Natur,<\/strong> mit verschiedenen Optionen, um Ihren Bed\u00fcrfnissen gerecht zu werden. <\/p>\n<\/div>\n\n\n\n<div class=\"wp-block-column second animated fadeIn delay-100ms is-layout-flow wp-block-column-is-layout-flow\" style=\"flex-basis:54%\">\n<div data-swiper=\"{&quot;speed&quot;:400,&quot;spaceBetween&quot;:16,&quot;slidesPerView&quot;:1,&quot;createElements&quot;:true,&quot;loop&quot;:true,&quot;navigation&quot;:{&quot;nextEl&quot;:null,&quot;prevEl&quot;:null},&quot;pagination&quot;:{&quot;el&quot;:&quot;.swiper-pagination&quot;,&quot;dynamicBullets&quot;:false,&quot;clickable&quot;:true},&quot;breakpoints&quot;:[{&quot;slidesPerView&quot;:1}],&quot;direction&quot;:&quot;vertical&quot;,&quot;freeMode&quot;:false,&quot;autoplay&quot;:true,&quot;delay&quot;:2000}\" id=\"slider-first\" class=\"wp-block-group animated fadeIn gt-is-slider gt-is-slider-desktop is-layout-grid wp-container-core-group-is-layout-478b6e6b wp-block-group-is-layout-grid\">\n<figure class=\"wp-block-image size-full\"><img decoding=\"async\" width=\"797\" height=\"532\" src=\"https:\/\/www.camping-biper-gorri.com\/wp-content\/uploads\/2025\/10\/offres-et-promotions-exceptionnelles.jpg\" alt=\"au&#xDF;ergew&#xF6;hnliche Angebote und Promotionen\" class=\"wp-image-38820\" style=\"object-fit:cover\" srcset=\"https:\/\/www.camping-biper-gorri.com\/wp-content\/uploads\/2025\/10\/offres-et-promotions-exceptionnelles.jpg 797w, https:\/\/www.camping-biper-gorri.com\/wp-content\/uploads\/2025\/10\/offres-et-promotions-exceptionnelles-300x200.jpg 300w, https:\/\/www.camping-biper-gorri.com\/wp-content\/uploads\/2025\/10\/offres-et-promotions-exceptionnelles-768x513.jpg 768w\" sizes=\"(max-width: 797px) 100vw, 797px\" \/><\/figure>\n\n\n\n<figure class=\"wp-block-image size-full\"><img decoding=\"async\" width=\"797\" height=\"532\" src=\"https:\/\/www.camping-biper-gorri.com\/wp-content\/uploads\/2025\/10\/biper-gorri-vacances-de-qualite.jpg\" alt=\"Gorri-Pager Qualit&#xE4;tsurlaub\" class=\"wp-image-60787\" style=\"object-fit:cover\" srcset=\"https:\/\/www.camping-biper-gorri.com\/wp-content\/uploads\/2025\/10\/biper-gorri-vacances-de-qualite.jpg 797w, https:\/\/www.camping-biper-gorri.com\/wp-content\/uploads\/2025\/10\/biper-gorri-vacances-de-qualite-300x200.jpg 300w, https:\/\/www.camping-biper-gorri.com\/wp-content\/uploads\/2025\/10\/biper-gorri-vacances-de-qualite-768x513.jpg 768w\" sizes=\"(max-width: 797px) 100vw, 797px\" \/><\/figure>\n\n\n\n<figure class=\"wp-block-image size-full\"><img decoding=\"async\" width=\"797\" height=\"532\" src=\"https:\/\/www.camping-biper-gorri.com\/wp-content\/uploads\/2025\/10\/biper-gorri-sejour-confortable-au-coeur-de-la-nature.jpg\" alt=\"biper gorri komfortabler Aufenthalt im Herzen der Natur\" class=\"wp-image-60792\" style=\"object-fit:cover\" srcset=\"https:\/\/www.camping-biper-gorri.com\/wp-content\/uploads\/2025\/10\/biper-gorri-sejour-confortable-au-coeur-de-la-nature.jpg 797w, https:\/\/www.camping-biper-gorri.com\/wp-content\/uploads\/2025\/10\/biper-gorri-sejour-confortable-au-coeur-de-la-nature-300x200.jpg 300w, https:\/\/www.camping-biper-gorri.com\/wp-content\/uploads\/2025\/10\/biper-gorri-sejour-confortable-au-coeur-de-la-nature-768x513.jpg 768w\" sizes=\"(max-width: 797px) 100vw, 797px\" \/><\/figure>\n<\/div>\n<\/div>\n<\/div>\n<\/section>\n\n<section class=\"wp-block-group alignfull gt_1-cta-1photo_003 slider is-layout-flow wp-block-group-is-layout-flow\" style=\"margin-top:var(--wp--preset--spacing--50);margin-bottom:0px;padding-bottom:153px\">\n<div data-swiper=\"{&quot;speed&quot;:400,&quot;spaceBetween&quot;:16,&quot;slidesPerView&quot;:1,&quot;createElements&quot;:true,&quot;loop&quot;:true,&quot;freemode&quot;:true,&quot;navigation&quot;:{&quot;nextEl&quot;:&quot;buttonNext&quot;,&quot;prevEl&quot;:&quot;buttonPrev&quot;},&quot;pagination&quot;:{&quot;el&quot;:&quot;.swiper-pagination&quot;,&quot;dynamicBullets&quot;:true},&quot;breakpoints&quot;:[{&quot;slidesPerView&quot;:1}],&quot;autoplay&quot;:true,&quot;delay&quot;:2000}\" class=\"wp-block-group gt-is-slider gt-is-slider-desktop has-global-padding is-layout-constrained wp-container-core-group-is-layout-c3c54179 wp-block-group-is-layout-constrained\" style=\"padding-bottom:101px\">\n<div class=\"wp-block-cover aligncenter animated fadeIn\" style=\"min-height:70vh;aspect-ratio:unset;\"><img decoding=\"async\" width=\"2000\" height=\"998\" class=\"wp-block-cover__image-background wp-image-89992 size-full\" alt=\"chalet pays basque\" src=\"https:\/\/www.camping-biper-gorri.com\/wp-content\/uploads\/2025\/10\/chalet-pays-basque.jpg\" data-object-fit=\"cover\" srcset=\"https:\/\/www.camping-biper-gorri.com\/wp-content\/uploads\/2025\/10\/chalet-pays-basque.jpg 2000w, https:\/\/www.camping-biper-gorri.com\/wp-content\/uploads\/2025\/10\/chalet-pays-basque-300x150.jpg 300w, https:\/\/www.camping-biper-gorri.com\/wp-content\/uploads\/2025\/10\/chalet-pays-basque-1024x511.jpg 1024w, https:\/\/www.camping-biper-gorri.com\/wp-content\/uploads\/2025\/10\/chalet-pays-basque-768x383.jpg 768w, https:\/\/www.camping-biper-gorri.com\/wp-content\/uploads\/2025\/10\/chalet-pays-basque-1536x766.jpg 1536w\" sizes=\"(max-width: 2000px) 100vw, 2000px\" \/><span aria-hidden=\"true\" class=\"wp-block-cover__background has-background-dim-0 has-background-dim\"><\/span><div class=\"wp-block-cover__inner-container is-layout-flow wp-block-cover-is-layout-flow\">\n<p class=\"has-text-align-center has-large-font-size\"><\/p>\n<\/div><\/div>\n\n\n\n<div class=\"wp-block-cover aligncenter animated fadeIn\" style=\"min-height:70vh;aspect-ratio:unset;\"><img decoding=\"async\" width=\"2000\" height=\"1124\" class=\"wp-block-cover__image-background wp-image-38836 size-full\" alt=\"camping petit prix a espelette\" src=\"https:\/\/www.camping-biper-gorri.com\/wp-content\/uploads\/2025\/10\/camping-petit-prix-a-espelette.jpg\" data-object-fit=\"cover\" srcset=\"https:\/\/www.camping-biper-gorri.com\/wp-content\/uploads\/2025\/10\/camping-petit-prix-a-espelette.jpg 2000w, https:\/\/www.camping-biper-gorri.com\/wp-content\/uploads\/2025\/10\/camping-petit-prix-a-espelette-300x169.jpg 300w, https:\/\/www.camping-biper-gorri.com\/wp-content\/uploads\/2025\/10\/camping-petit-prix-a-espelette-1024x575.jpg 1024w, https:\/\/www.camping-biper-gorri.com\/wp-content\/uploads\/2025\/10\/camping-petit-prix-a-espelette-768x432.jpg 768w, https:\/\/www.camping-biper-gorri.com\/wp-content\/uploads\/2025\/10\/camping-petit-prix-a-espelette-1536x863.jpg 1536w\" sizes=\"(max-width: 2000px) 100vw, 2000px\" \/><span aria-hidden=\"true\" class=\"wp-block-cover__background has-background-dim-0 has-background-dim\"><\/span><div class=\"wp-block-cover__inner-container is-layout-flow wp-block-cover-is-layout-flow\">\n<p class=\"has-text-align-center has-large-font-size\"><\/p>\n<\/div><\/div>\n<\/div>\n\n\n\n<div class=\"wp-block-group alignfull full-width is-layout-flow wp-container-core-group-is-layout-bb7df561 wp-block-group-is-layout-flow\" style=\"border-radius:0px;margin-top:0px;margin-right:0px;margin-bottom:0px;margin-left:0px;padding-top:0px;padding-right:var(--wp--preset--spacing--50);padding-bottom:0px;padding-left:var(--wp--preset--spacing--50)\">\n<div class=\"wp-block-group has-global-padding is-content-justification-center is-layout-constrained wp-container-core-group-is-layout-da6cee50 wp-block-group-is-layout-constrained\" style=\"margin-top:0px;margin-right:0px;margin-bottom:0px;margin-left:0px\">\n<h2 class=\"wp-block-heading has-text-align-center full-width has-text-color\" style=\"color:rgba(255,255,255,1)\"><strong>Angebote und Sonderangebote auf einem preisg\u00fcnstigen Campingplatz in Espelette<\/strong><\/h2>\n\n\n\n<p class=\"has-text-align-center full-width has-text-color has-link-color has-mulish-font-family wp-elements-763d5e8a716c413c6885d51d2e022f34\" style=\"color:rgba(255,255,255,1);margin-top:0px;margin-right:0px;margin-bottom:0px;margin-left:0px;font-style:normal;font-weight:300;line-height:1.7\"><br\/>Auf dem Campingplatz in Espelette bieten wir regelm\u00e4\u00dfig <strong>Sonderangebote<\/strong> f\u00fcr unsere Vermietungen von Unterk\u00fcnften an, damit Sie einen au\u00dfergew\u00f6hnlichen Urlaub zu einem g\u00fcnstigen Preis erleben k\u00f6nnen. Ob Sie nun ein <a href=\"https:\/\/www.camping-biper-gorri.com\/de\/mobilheimvermietung-espelette\/\">Mobilheim im Baskenland<\/a> mieten m\u00f6chten, eine <a href=\"https:\/\/www.camping-biper-gorri.com\/de\/ungewoehnliche-vermietung-espelette\/\">ungew\u00f6hnliche Unterkunft in Espelette<\/a> oder eine <a href=\"https:\/\/www.camping-biper-gorri.com\/de\/stellplaetze-baskenland\/\">Vermietung eines Stellplatzes inmitten der baskischen Natur<\/a>, wir haben das richtige Angebot f\u00fcr Sie. <\/p>\n\n\n\n<p class=\"has-text-align-center full-width has-text-color has-link-color has-mulish-font-family wp-elements-312f8fd11326e19ad07ba21223dec4d8\" style=\"color:rgba(255,255,255,1);margin-top:0px;margin-right:0px;margin-bottom:0px;margin-left:0px;font-style:normal;font-weight:300;line-height:1.7\">Unsere <strong>Last-Minute-Angebote<\/strong> bieten Ihnen die M\u00f6glichkeit, einen Urlaub mit dem besten Preis-Leistungs-Verh\u00e4ltnis zu buchen, so dass Sie das Baskenland entdecken k\u00f6nnen, ohne Ihr Budget zu \u00fcberschreiten.<\/p>\n<\/div>\n<\/div>\n<\/section>\n\n<section class=\"wp-block-group gt_sliderphoto_001 bis page has-global-padding is-layout-constrained wp-container-core-group-is-layout-175ea1ee wp-block-group-is-layout-constrained\" style=\"padding-top:var(--wp--preset--spacing--30);padding-bottom:0\">\n<div class=\"wp-block-columns is-layout-flex wp-container-core-columns-is-layout-8fc3ca39 wp-block-columns-is-layout-flex\" style=\"padding-top:4rem;padding-right:0px;padding-bottom:4rem;padding-left:0px\">\n<div class=\"wp-block-column second animated fadeIn delay-100ms is-layout-flow wp-block-column-is-layout-flow\" style=\"flex-basis:54%\">\n<div data-swiper=\"{&quot;speed&quot;:400,&quot;spaceBetween&quot;:16,&quot;slidesPerView&quot;:1,&quot;createElements&quot;:true,&quot;loop&quot;:true,&quot;navigation&quot;:{&quot;nextEl&quot;:null,&quot;prevEl&quot;:null},&quot;pagination&quot;:{&quot;el&quot;:&quot;.swiper-pagination&quot;,&quot;dynamicBullets&quot;:false,&quot;clickable&quot;:true},&quot;breakpoints&quot;:[{&quot;slidesPerView&quot;:1}],&quot;direction&quot;:&quot;vertical&quot;,&quot;freeMode&quot;:false,&quot;autoplay&quot;:true,&quot;delay&quot;:2000}\" id=\"slider-first\" class=\"wp-block-group animated fadeIn gt-is-slider gt-is-slider-desktop is-layout-grid wp-container-core-group-is-layout-478b6e6b wp-block-group-is-layout-grid\">\n<figure class=\"wp-block-image size-full\"><img decoding=\"async\" width=\"1000\" height=\"667\" src=\"https:\/\/www.camping-biper-gorri.com\/wp-content\/uploads\/2025\/10\/location-mobil-home-espelette.jpg\" alt=\"Vermietung Mobilheim Espelette\" class=\"wp-image-89978\" style=\"object-fit:cover\" srcset=\"https:\/\/www.camping-biper-gorri.com\/wp-content\/uploads\/2025\/10\/location-mobil-home-espelette.jpg 1000w, https:\/\/www.camping-biper-gorri.com\/wp-content\/uploads\/2025\/10\/location-mobil-home-espelette-300x200.jpg 300w, https:\/\/www.camping-biper-gorri.com\/wp-content\/uploads\/2025\/10\/location-mobil-home-espelette-768x512.jpg 768w\" sizes=\"(max-width: 1000px) 100vw, 1000px\" \/><\/figure>\n\n\n\n<figure class=\"wp-block-image size-full\"><img decoding=\"async\" width=\"1000\" height=\"667\" src=\"https:\/\/www.camping-biper-gorri.com\/wp-content\/uploads\/2025\/10\/louer-mobil-home-espelette.jpg\" alt=\"mieten mobilheim espelette\" class=\"wp-image-89979\" style=\"object-fit:cover\" srcset=\"https:\/\/www.camping-biper-gorri.com\/wp-content\/uploads\/2025\/10\/louer-mobil-home-espelette.jpg 1000w, https:\/\/www.camping-biper-gorri.com\/wp-content\/uploads\/2025\/10\/louer-mobil-home-espelette-300x200.jpg 300w, https:\/\/www.camping-biper-gorri.com\/wp-content\/uploads\/2025\/10\/louer-mobil-home-espelette-768x512.jpg 768w\" sizes=\"(max-width: 1000px) 100vw, 1000px\" \/><\/figure>\n\n\n\n<figure class=\"wp-block-image size-full\"><img decoding=\"async\" width=\"814\" height=\"543\" src=\"https:\/\/www.camping-biper-gorri.com\/wp-content\/uploads\/2025\/10\/cadre-naturel-et-reposant.jpg\" alt=\"nat&#xFC;rliche und erholsame Umgebung\" class=\"wp-image-38851\" style=\"object-fit:cover\" srcset=\"https:\/\/www.camping-biper-gorri.com\/wp-content\/uploads\/2025\/10\/cadre-naturel-et-reposant.jpg 814w, https:\/\/www.camping-biper-gorri.com\/wp-content\/uploads\/2025\/10\/cadre-naturel-et-reposant-300x200.jpg 300w, https:\/\/www.camping-biper-gorri.com\/wp-content\/uploads\/2025\/10\/cadre-naturel-et-reposant-768x512.jpg 768w\" sizes=\"(max-width: 814px) 100vw, 814px\" \/><\/figure>\n<\/div>\n<\/div>\n\n\n\n<div class=\"wp-block-column is-vertically-aligned-center first is-layout-flow wp-block-column-is-layout-flow\" style=\"padding-right:2rem;flex-basis:45.3%\">\n<h2 class=\"wp-block-heading has-text-align-left has-text-color\" style=\"color:rgba(99,117,107,1);line-height:1.3\">Buchen Sie direkt und genie\u00dfen Sie das <strong>beste Preis-Leistungs-Verh\u00e4ltnis im Baskenland<\/strong><\/h2>\n\n\n\n<p class=\"has-text-align-left has-text-color has-mulish-font-family\" style=\"color:rgba(99,117,107,1);margin-top:0px;margin-right:0px;margin-bottom:0px;margin-left:0px;font-style:normal;font-weight:300;line-height:1.7\"><br\/>Um von den <strong>besten Preisen<\/strong> und <strong>exklusiven Angeboten<\/strong> zu profitieren, buchen Sie direkt auf unserer Website!<\/p>\n\n\n\n<p class=\"has-text-align-left has-text-color has-mulish-font-family\" style=\"color:rgba(99,117,107,1);margin-top:0px;margin-right:0px;margin-bottom:0px;margin-left:0px;font-style:normal;font-weight:300;line-height:1.7\">Dies erm\u00f6glicht Ihnen, einen g\u00fcnstigen Campingplatz in Espelette zu genie\u00dfen, w\u00e4hrend Sie die <strong>Ruhe<\/strong> und den <strong>Komfort<\/strong> eines <strong>Qualit\u00e4tsurlaubs<\/strong> genie\u00dfen.<\/p>\n\n\n\n<p class=\"has-text-align-left has-text-color has-mulish-font-family\" style=\"color:rgba(99,117,107,1);margin-top:0px;margin-right:0px;margin-bottom:0px;margin-left:0px;font-style:normal;font-weight:300;line-height:1.7\"><br\/>Der erschwingliche Campingplatz in Espelette bietet <strong>attraktive Angebote<\/strong> f\u00fcr jeden Geldbeutel. Mit unseren g\u00fcnstigen Preisen profitieren Sie von qualitativ hochwertigen Leistungen in einer <strong>nat\u00fcrlichen und erholsamen Umgebung<\/strong>. <\/p>\n\n\n\n<p class=\"has-text-align-left has-text-color has-mulish-font-family\" style=\"color:rgba(99,117,107,1);margin-top:0px;margin-right:0px;margin-bottom:0px;margin-left:0px;font-style:normal;font-weight:300;line-height:1.7\">Unser Team ist bestrebt, Ihnen einen angenehmen Aufenthalt zu bieten, der sowohl praktisch als auch preisg\u00fcnstig ist, so dass Sie Ihren Urlaub in vollen Z\u00fcgen genie\u00dfen k\u00f6nnen, ohne sich um die Kosten sorgen zu m\u00fcssen.<\/p>\n<\/div>\n<\/div>\n<\/section>\n\n<section class=\"wp-block-group alignfull gt_maillage has-global-padding is-layout-constrained wp-container-core-group-is-layout-99b66418 wp-block-group-is-layout-constrained\" style=\"margin-top:0px;margin-bottom:0px;padding-top:var(--wp--preset--spacing--50);padding-bottom:7rem\">\n<div class=\"wp-block-group alignfull full-width is-vertical is-content-justification-center is-nowrap is-layout-flex wp-container-core-group-is-layout-810f5976 wp-block-group-is-layout-flex\" style=\"border-radius:0px;margin-top:0px;margin-right:0px;margin-bottom:0px;margin-left:0px;padding-top:0px;padding-right:0;padding-bottom:0px;padding-left:0\">\n<div class=\"wp-block-group is-vertical is-content-justification-center is-layout-flex wp-container-core-group-is-layout-9c2251ce wp-block-group-is-layout-flex\" style=\"margin-bottom:7rem\">\n<p class=\"has-text-align-center has-custom-vert-eau-color has-text-color has-link-color has-olive-citrus-font-family wp-elements-90c777c31bca6f60086df388b532abae\" style=\"font-size:clamp(3.615rem, 3.615rem + ((1vw - 0.2rem) * 6.475), 7.5rem);line-height:0.86\">Entdecken Sie<\/p>\n\n\n\n<p class=\"has-text-align-center has-custom-vert-fonce-color has-text-color has-link-color has-boho-monoline-font-family wp-elements-e69e85430fbe7e5180c69c685a044cc1\" style=\"font-size:clamp(3.521rem, 3.521rem + ((1vw - 0.2rem) * 6.215), 7.25rem);line-height:0\">auch<\/p>\n<\/div>\n<\/div>\n\n\n\n<div id=\"maillage\" class=\"wp-block-group is-layout-flow wp-block-group-is-layout-flow\">\n<div data-wp-context=\"{}\" data-wp-interactive=\"core\/query\" data-wp-key=\"0\" data-wp-router-region=\"query-0\" class=\"wp-block-query alignwide gt-fse-maillage-query is-layout-flow wp-block-query-is-layout-flow\"><ul class=\"columns-3 wp-block-post-template is-layout-grid wp-container-core-post-template-is-layout-6d3fbd8f wp-block-post-template-is-layout-grid\"><li data-wp-key=\"post-template-item-87405\" class=\"wp-block-post post-87405 page type-page status-publish has-post-thumbnail hentry\">\n\n<figure class=\"wp-block-image has-custom-border cta-image\"><img decoding=\"async\" src=\"https:\/\/www.camping-biper-gorri.com\/wp-content\/uploads\/2025\/08\/camping-biper-gorri-au-pays-basque-les-emplacements.jpg\" alt=\"Camping biper gorri im Baskenland die Stellpl\u00e4tze\" style=\"border-radius:0px\"\/><\/figure>\n\n\n\n<div class=\"wp-block-group maillage__content is-vertical is-layout-flex wp-container-core-group-is-layout-5f9f5280 wp-block-group-is-layout-flex\">\n<p class=\"has-base-2-color has-text-color has-link-color has-olive-citrus-font-family wp-elements-99b4d0f35d95523a85db2a3a413e4887\" style=\"font-size:clamp(1.502rem, 1.502rem + ((1vw - 0.2rem) * 1.663), 2.5rem);letter-spacing:-1.92px;line-height:0.86\">Stellpl\u00e4tze<\/p>\n\n\n\n<figure class=\"wp-block-image size-large fleche\" style=\"margin-top:1rem;margin-left:2rem\"><img decoding=\"async\" width=\"50\" height=\"26\" src=\"https:\/\/www.camping-biper-gorri.com\/wp-content\/uploads\/2025\/08\/fleche-01.svg\" alt=\"fleche 01\" class=\"wp-image-129\"\/><\/figure>\n<\/div>\n\n\n<a class=\"is-style-lien-cover wp-block-read-more\" href=\"https:\/\/www.camping-biper-gorri.com\/de\/stellplaetze-baskenland\/\" target=\"_self\">Weiterlesen<span class=\"screen-reader-text\">: Stellpl\u00e4tze<\/span><\/a>\n<\/li><li data-wp-key=\"post-template-item-87195\" class=\"wp-block-post post-87195 page type-page status-publish has-post-thumbnail hentry\">\n\n<figure class=\"wp-block-image has-custom-border cta-image\"><img decoding=\"async\" src=\"https:\/\/www.camping-biper-gorri.com\/wp-content\/uploads\/2025\/10\/location-insolite-pays-basque.jpg\" alt=\"ungew\u00f6hnliche Vermietung Baskenland\" style=\"border-radius:0px\"\/><\/figure>\n\n\n\n<div class=\"wp-block-group maillage__content is-vertical is-layout-flex wp-container-core-group-is-layout-5f9f5280 wp-block-group-is-layout-flex\">\n<p class=\"has-base-2-color has-text-color has-link-color has-olive-citrus-font-family wp-elements-99b4d0f35d95523a85db2a3a413e4887\" style=\"font-size:clamp(1.502rem, 1.502rem + ((1vw - 0.2rem) * 1.663), 2.5rem);letter-spacing:-1.92px;line-height:0.86\">Ungew\u00f6hnliche Unterk\u00fcnfte<\/p>\n\n\n\n<figure class=\"wp-block-image size-large fleche\" style=\"margin-top:1rem;margin-left:2rem\"><img decoding=\"async\" width=\"50\" height=\"26\" src=\"https:\/\/www.camping-biper-gorri.com\/wp-content\/uploads\/2025\/08\/fleche-01.svg\" alt=\"fleche 01\" class=\"wp-image-129\"\/><\/figure>\n<\/div>\n\n\n<a class=\"is-style-lien-cover wp-block-read-more\" href=\"https:\/\/www.camping-biper-gorri.com\/de\/ungewoehnliche-vermietung-espelette\/\" target=\"_self\">Weiterlesen<span class=\"screen-reader-text\">: Atypische Unterk\u00fcnfte<\/span><\/a>\n<\/li><li data-wp-key=\"post-template-item-87263\" class=\"wp-block-post post-87263 page type-page status-publish has-post-thumbnail hentry\">\n\n<figure class=\"wp-block-image has-custom-border cta-image\"><img decoding=\"async\" src=\"https:\/\/www.camping-biper-gorri.com\/wp-content\/uploads\/2025\/10\/location-mobil-home-espelette-1.jpg\" alt=\"Vermietung Mobilheim Espelette\" style=\"border-radius:0px\"\/><\/figure>\n\n\n\n<div class=\"wp-block-group maillage__content is-vertical is-layout-flex wp-container-core-group-is-layout-5f9f5280 wp-block-group-is-layout-flex\">\n<p class=\"has-base-2-color has-text-color has-link-color has-olive-citrus-font-family wp-elements-99b4d0f35d95523a85db2a3a413e4887\" style=\"font-size:clamp(1.502rem, 1.502rem + ((1vw - 0.2rem) * 1.663), 2.5rem);letter-spacing:-1.92px;line-height:0.86\">Mobilheim<\/p>\n\n\n\n<figure class=\"wp-block-image size-large fleche\" style=\"margin-top:1rem;margin-left:2rem\"><img decoding=\"async\" width=\"50\" height=\"26\" src=\"https:\/\/www.camping-biper-gorri.com\/wp-content\/uploads\/2025\/08\/fleche-01.svg\" alt=\"fleche 01\" class=\"wp-image-129\"\/><\/figure>\n<\/div>\n\n\n<a class=\"is-style-lien-cover wp-block-read-more\" href=\"https:\/\/www.camping-biper-gorri.com\/de\/mobilheimvermietung-espelette\/\" target=\"_self\">Weiterlesen<span class=\"screen-reader-text\">: Mobilheime<\/span><\/a>\n<\/li><\/ul><\/div>\n<\/div>\n<\/section>\n","protected":false},"excerpt":{"rendered":"<p>G\u00fcnstiger Campingplatzim Baskenland Sie suchen einen g\u00fcnstigen Campingplatz im Baskenland f\u00fcr Ihren n\u00e4chsten Urlaub? Der Campingplatz Biper Gorri in Espelette bietet Ihnen tolle Angebote und Aktionen, damit Sie die Sch\u00f6nheit des Baskenlandes zum kleinen Preis genie\u00dfen k\u00f6nnen. Ob Sie mit der Familie, mit Freunden oder als Paar reisen, unsere g\u00fcnstigen Preise garantieren Ihnen einen qualitativ [&hellip;]<\/p>\n","protected":false},"author":1,"featured_media":89986,"parent":0,"menu_order":0,"comment_status":"closed","ping_status":"closed","template":"","meta":{"_acf_changed":false,"_seopress_robots_primary_cat":"","_seopress_titles_title":"G\u00fcnstiger Campingplatz im Baskenland I Camping Promotionen Espelette","_seopress_titles_desc":"G\u00f6nnen Sie sich einen Qualit\u00e4tsurlaub zu reduzierten Preisen: Entdecken Sie die exklusiven Angebote des Campingplatzes Biper Gorri in Espelette im Baskenland.","_seopress_robots_index":"","inline_featured_image":false,"gt_fse_maillage_image":"https:\/\/www.camping-biper-gorri.com\/wp-content\/uploads\/2025\/10\/camping-pas-cher-pays-basque.jpg","gt_fse_maillage_titre":"Angebote und Promotionen","gt_fse_maillage_alt":"g\u00fcnstiger Campingplatz Baskenland","gt_fse_maillage_resume":"","footnotes":""},"categories":[],"tags":[],"class_list":["post-87187","page","type-page","status-publish","has-post-thumbnail","hentry"],"acf":[],"_links":{"self":[{"href":"https:\/\/www.camping-biper-gorri.com\/de\/wp-json\/wp\/v2\/pages\/87187","targetHints":{"allow":["GET"]}}],"collection":[{"href":"https:\/\/www.camping-biper-gorri.com\/de\/wp-json\/wp\/v2\/pages"}],"about":[{"href":"https:\/\/www.camping-biper-gorri.com\/de\/wp-json\/wp\/v2\/types\/page"}],"author":[{"embeddable":true,"href":"https:\/\/www.camping-biper-gorri.com\/de\/wp-json\/wp\/v2\/users\/1"}],"replies":[{"embeddable":true,"href":"https:\/\/www.camping-biper-gorri.com\/de\/wp-json\/wp\/v2\/comments?post=87187"}],"version-history":[{"count":15,"href":"https:\/\/www.camping-biper-gorri.com\/de\/wp-json\/wp\/v2\/pages\/87187\/revisions"}],"predecessor-version":[{"id":90309,"href":"https:\/\/www.camping-biper-gorri.com\/de\/wp-json\/wp\/v2\/pages\/87187\/revisions\/90309"}],"wp:featuredmedia":[{"embeddable":true,"href":"https:\/\/www.camping-biper-gorri.com\/de\/wp-json\/wp\/v2\/media\/89986"}],"wp:attachment":[{"href":"https:\/\/www.camping-biper-gorri.com\/de\/wp-json\/wp\/v2\/media?parent=87187"}],"wp:term":[{"taxonomy":"category","embeddable":true,"href":"https:\/\/www.camping-biper-gorri.com\/de\/wp-json\/wp\/v2\/categories?post=87187"},{"taxonomy":"post_tag","embeddable":true,"href":"https:\/\/www.camping-biper-gorri.com\/de\/wp-json\/wp\/v2\/tags?post=87187"}],"curies":[{"name":"wp","href":"https:\/\/api.w.org\/{rel}","templated":true}]}}