{"id":87131,"date":"2025-09-24T14:40:33","date_gmt":"2025-09-24T14:40:33","guid":{"rendered":"https:\/\/www.camping-biper-gorri.com\/mentions-legales\/"},"modified":"2025-10-28T15:03:13","modified_gmt":"2025-10-28T15:03:13","slug":"impressum","status":"publish","type":"page","link":"https:\/\/www.camping-biper-gorri.com\/de\/impressum\/","title":{"rendered":"Impressum"},"content":{"rendered":"\n<section class=\"wp-block-group gt_sliderphoto_001 bis page has-global-padding is-layout-constrained wp-container-core-group-is-layout-2c1495b7 wp-block-group-is-layout-constrained\" style=\"margin-top:0px;margin-bottom:0px;padding-bottom:7rem\">\n<h1 class=\"wp-block-heading\">Impressum<\/h1>\n\n\n\n<h2 class=\"wp-block-heading\">Verantwortlich f\u00fcr die Website<\/h2>\n\n\n\n<p><strong>CAMPING BIPER GORRI<\/strong> (SAS) <br\/>CHE DE LAPITXAGUE, 64250 ESPELETTE <br\/>Tel. +33 (0)5 59 93 96 88 <br\/>Email: info@camping-biper-gorri.com <br\/>SIREN: 433 531 654 <br\/>Umsatzsteuer: FR59433531654 <br\/>Gesellschaftskapital: 30489,80\u20ac <br\/>Verantwortlich f\u00fcr die Ver\u00f6ffentlichung: Herr Eric ALBINO <\/p>\n\n\n\n<h2 class=\"wp-block-heading\">REALISIERUNG VON<\/h2>\n\n\n\n<p><strong>GEEK TONIC<\/strong> <br\/>Vertreten durch Herrn Yohan Darmayan in seiner Eigenschaft als Gesch\u00e4ftsf\u00fchrer <br\/>Gesch\u00e4ftssitz: 16 CHEMIN DE SABALCE 64100 BAYONNE <br\/>Tel.: 05 32 74 11 53 <br\/>E-mail: support@geek-tonic.com <br\/>Website <a href=\"https:\/\/www.geek-tonic.com\/\" target=\"_blank\" rel=\"noreferrer noopener\">www.geek-tonic.com<\/a> <br\/>SIRET: 89746755100031 <br\/>APE: 6201Z<\/p>\n\n\n\n<h2 class=\"wp-block-heading\">URHEBERRECHT UND COPYRIGHTS<\/h2>\n\n\n\n<p>Der gesamte Inhalt dieser Website unterliegt dem Urheberrecht sowie dem geistigen Eigentum der franz\u00f6sischen Gesetzgebung. Jede Vervielf\u00e4ltigung (einschlie\u00dflich Fotos, Icons und herunterladbarer Dokumente) ist ohne vorherige Zustimmung von GEEK TONIC untersagt. Die Vervielf\u00e4ltigung der gesamten oder eines Teils der Website in Papier- oder elektronischem Format auf einem elektronischen Datentr\u00e4ger ist verboten. GEEK TONIC \u00fcbernimmt keine Verantwortung f\u00fcr die Inhalte auf der Website. GEEK TONIC \u00fcbernimmt auch keine Verantwortung f\u00fcr externe Links, die auf diese Website verweisen.   <\/p>\n\n\n\n<h2 class=\"wp-block-heading\">PERS\u00d6NLICHE DATEN UND NAMENTLICHE INFORMATIONEN<\/h2>\n\n\n\n<p>Sie haben ein Recht auf Zugang, \u00c4nderung, Berichtigung und L\u00f6schung der Sie betreffenden Daten gem\u00e4\u00df Artikel 34 des Gesetzes &#8222;Informatique et Libert\u00e9s&#8220; Nr. 78-17 vom 6. Januar 1978, ge\u00e4ndert am 6. August 2018. Um dieses Zugangsrecht auszu\u00fcben, k\u00f6nnen Sie eine einfache schriftliche Anfrage an den Herausgeber der Website richten. <\/p>\n\n\n\n<h2 class=\"wp-block-heading\">RECHTSGESETZE<\/h2>\n\n\n\n<p>Gem\u00e4\u00df dem Gesetz vom 11. M\u00e4rz 1957 (Art. 41) und dem Gesetzbuch \u00fcber geistiges Eigentum vom 1. Juli 1992 ist es verboten, einen Teil der Website ohne vorherige Genehmigung des Herausgebers der Website teilweise oder vollst\u00e4ndig zu reproduzieren. Die Logos, Bilder, Fotos, Videos, Grafiken und Texte sind Eigentum ihrer jeweiligen Besitzer. Diese Website kann ohne sein Wissen mit anderen Websites \u00fcber Hypermedia-Links verbunden sein. Der Herausgeber der Website lehnt jede Verantwortung f\u00fcr die Informationen auf diesen anderen Websites ab. Der Internetnutzer erkennt an, dass die Nutzung dieser Website dem franz\u00f6sischen Recht unterliegt.    <\/p>\n<\/section>\n","protected":false},"excerpt":{"rendered":"<p>Impressum Verantwortlich f\u00fcr die Website CAMPING BIPER GORRI (SAS) CHE DE LAPITXAGUE, 64250 ESPELETTE Tel. +33 (0)5 59 93 96 88 Email: info@camping-biper-gorri.com SIREN: 433 531 654 Umsatzsteuer: FR59433531654 Gesellschaftskapital: 30489,80\u20ac Verantwortlich f\u00fcr die Ver\u00f6ffentlichung: Herr Eric ALBINO REALISIERUNG VON GEEK TONIC Vertreten durch Herrn Yohan Darmayan in seiner Eigenschaft als Gesch\u00e4ftsf\u00fchrer Gesch\u00e4ftssitz: 16 CHEMIN [&hellip;]<\/p>\n","protected":false},"author":1,"featured_media":24620,"parent":0,"menu_order":0,"comment_status":"closed","ping_status":"closed","template":"","meta":{"_acf_changed":false,"_seopress_robots_primary_cat":"","_seopress_titles_title":"%%post_title%% %%sep%% %%sitetitle%%","_seopress_titles_desc":"%%post_excerpt%%%","_seopress_robots_index":"yes","inline_featured_image":false,"gt_fse_maillage_image":"https:\/\/www.camping-biper-gorri.com\/wp-content\/uploads\/2025\/09\/mentions-legales-camping-biper-gorri-pays-basque.jpg","gt_fse_maillage_titre":"Impressum","gt_fse_maillage_alt":"impressum","gt_fse_maillage_resume":"","footnotes":""},"categories":[],"tags":[],"class_list":["post-87131","page","type-page","status-publish","has-post-thumbnail","hentry"],"acf":[],"_links":{"self":[{"href":"https:\/\/www.camping-biper-gorri.com\/de\/wp-json\/wp\/v2\/pages\/87131","targetHints":{"allow":["GET"]}}],"collection":[{"href":"https:\/\/www.camping-biper-gorri.com\/de\/wp-json\/wp\/v2\/pages"}],"about":[{"href":"https:\/\/www.camping-biper-gorri.com\/de\/wp-json\/wp\/v2\/types\/page"}],"author":[{"embeddable":true,"href":"https:\/\/www.camping-biper-gorri.com\/de\/wp-json\/wp\/v2\/users\/1"}],"replies":[{"embeddable":true,"href":"https:\/\/www.camping-biper-gorri.com\/de\/wp-json\/wp\/v2\/comments?post=87131"}],"version-history":[{"count":6,"href":"https:\/\/www.camping-biper-gorri.com\/de\/wp-json\/wp\/v2\/pages\/87131\/revisions"}],"predecessor-version":[{"id":89146,"href":"https:\/\/www.camping-biper-gorri.com\/de\/wp-json\/wp\/v2\/pages\/87131\/revisions\/89146"}],"wp:featuredmedia":[{"embeddable":true,"href":"https:\/\/www.camping-biper-gorri.com\/de\/wp-json\/wp\/v2\/media\/24620"}],"wp:attachment":[{"href":"https:\/\/www.camping-biper-gorri.com\/de\/wp-json\/wp\/v2\/media?parent=87131"}],"wp:term":[{"taxonomy":"category","embeddable":true,"href":"https:\/\/www.camping-biper-gorri.com\/de\/wp-json\/wp\/v2\/categories?post=87131"},{"taxonomy":"post_tag","embeddable":true,"href":"https:\/\/www.camping-biper-gorri.com\/de\/wp-json\/wp\/v2\/tags?post=87131"}],"curies":[{"name":"wp","href":"https:\/\/api.w.org\/{rel}","templated":true}]}}